{"id":250,"date":"2016-02-08T15:53:51","date_gmt":"2016-02-08T15:53:51","guid":{"rendered":"http:\/\/topsuccesstools.com\/?page_id=250&#038;lang=pt-pt"},"modified":"2016-04-04T05:11:26","modified_gmt":"2016-04-04T05:11:26","slug":"politica-privacidade","status":"publish","type":"page","link":"https:\/\/topsuccesstools.com\/pt-pt\/politica-privacidade\/","title":{"rendered":"Pol\u00edtica de Privacidade"},"content":{"rendered":"<div class=\"wpb-content-wrapper\"><p>[vc_row css=&#8221;.vc_custom_1459746508721{margin-top: 50px !important;margin-right: 150px !important;margin-left: 150px !important;}&#8221;][vc_column][vc_custom_heading text=&#8221;POL\u00cdTICA DE PRIVACIDADE &#8220;TOP SUCCESS TOOLS&#8220;&#8221; font_container=&#8221;tag:h3|text_align:center&#8221; use_theme_fonts=&#8221;yes&#8221;][\/vc_column][\/vc_row][vc_row content_placement=&#8221;top&#8221; css=&#8221;.vc_custom_1459746644394{margin-right: 150px !important;margin-left: 150px !important;}&#8221;][vc_column][vc_column_text]<\/p>\n<p class=\"small\">Porque na Top Success Tools acreditamos que a confian\u00e7a \u00e9 essencial em qualquer rela\u00e7\u00e3o, assegurar a privacidade dos nossos visitantes, leitores, subscritores e clientes \u00e9 da maior import\u00e2ncia, tal como informar, dentro de uma pol\u00edtica de total transpar\u00eancia, de toda a informa\u00e7\u00e3o que pode ser recolhida por n\u00f3s, e como t\u00eam a op\u00e7\u00e3o de desactivar essa recolha, caso o queiram fazer.<\/p>\n<p class=\"small\">Todas as suas informa\u00e7\u00f5es pessoais recolhidas, ser\u00e3o usadas para o ajudar a tornar a sua visita ao nosso site o mais produtiva e agrad\u00e1vel poss\u00edvel.<\/p>\n<p class=\"small\">A garantia da confidencialidade dos dados pessoais dos utilizadores do nosso site \u00e9 importante para o Top Success Tools, e n\u00e3o ser\u00e1 cedida a terceiros fora da nossa empresa. A garantia de confidencialidade dos dados pessoais dos utilizadores do nosso site \u00e9 da mais alta import\u00e2ncia para n\u00f3s, e nesse sentido, todas as informa\u00e7\u00f5es pessoais relativas a membros, assinantes, clientes ou visitantes que usem o Top Success Tools ser\u00e3o tratadas em concord\u00e2ncia com a <em>Lei da Prote\u00e7\u00e3o de Dados Pessoais<\/em> de 26 de outubro de 1998 (Lei n.\u00ba 67\/98).<\/p>\n<p class=\"small\">A informa\u00e7\u00e3o pessoal recolhida pode incluir o seu nome, e-mail, n\u00famero de telefone e\/ou telem\u00f3vel, morada, data de nascimento e\/ou outros.<\/p>\n<p class=\"small\">O uso do Top Success Tools pressup\u00f5e a aceita\u00e7\u00e3o deste Acordo de privacidade. A equipa do Top Success Tools reserva-se ao direito de alterar este acordo sem aviso pr\u00e9vio. Deste modo, recomendamos que consulte a nossa pol\u00edtica de privacidade com regularidade de forma a estar sempre atualizado.<\/p>\n<p>[\/vc_column_text][\/vc_column][\/vc_row][vc_row content_placement=&#8221;top&#8221; css=&#8221;.vc_custom_1459746655096{margin-right: 150px !important;margin-left: 150px !important;}&#8221;][vc_column][vc_column_text]<\/p>\n<h6>An\u00fancios:<\/h6>\n<p class=\"small\">Tal como outros websites, recolhemos e utilizamos informa\u00e7\u00e3o contida nos an\u00fancios. A informa\u00e7\u00e3o contida nos an\u00fancios, inclui o seu endere\u00e7o IP (Internet Protocol), o seu ISP (Internet Service Provider, como o Sapo, Clix, ou outro), o browser que utilizou ao visitar o nosso website (como o Internet Explorer ou o Firefox), o tempo da sua visita e que p\u00e1ginas visitou dentro do nosso website.<\/p>\n<h6>Cookies:<\/h6>\n<p class=\"small\">Utilizamos cookies para armazenar informa\u00e7\u00e3o, tais como as suas prefer\u00eancias pessoais quando visita o nosso website. Isto poder\u00e1 incluir um simples popup, ou uma liga\u00e7\u00e3o em v\u00e1rios servi\u00e7os que providenciamos, como f\u00f3runs.<\/p>\n<p class=\"small\">Voc\u00ea det\u00e9m o poder de desligar os seus cookies, nas op\u00e7\u00f5es do seu browser, ou efetuando altera\u00e7\u00f5es nas ferramentas de programas Anti-Virus, que utiliza. No entanto, isso poder\u00e1 alterar a forma em como interage com o nosso website, ou outros websites. Isso poder\u00e1 afetar ou n\u00e3o permitir que fa\u00e7a logins em programas, sites ou f\u00f3runs da nossa e de outras redes.<\/p>\n<p>[\/vc_column_text][\/vc_column][\/vc_row][vc_row content_placement=&#8221;top&#8221; css=&#8221;.vc_custom_1459746663425{margin-right: 150px !important;margin-left: 150px !important;}&#8221;][vc_column][vc_column_text]<\/p>\n<h6>Liga\u00e7\u00f5es a Sites de Terceiros:<\/h6>\n<p class=\"small\">O Top Success Tools possui liga\u00e7\u00f5es para outros sites os quais, a nosso ver, podem conter informa\u00e7\u00f5es \/ ferramentas \u00fateis para os nossos visitantes e clientes.<\/p>\n<p class=\"small\">A nossa pol\u00edtica de privacidade n\u00e3o \u00e9 aplicada a sites de terceiros, pelo que, caso visite outro site a partir do nosso dever\u00e1 ler a politica de privacidade do mesmo.<\/p>\n<p class=\"small\">Note que obviamente n\u00e3o nos responsabilizamos pela pol\u00edtica de privacidade ou conte\u00fado presente nesses outros sites.<\/p>\n<p class=\"small\">Agradecemos a sua Aten\u00e7\u00e3o!<\/p>\n<h6>Seja Bem Vindo!<\/h6>\n<p><strong><em>\u201cTop Success Tools Team\u201d<\/em><\/strong>[\/vc_column_text][\/vc_column][\/vc_row]<\/p>\n<\/div>","protected":false},"excerpt":{"rendered":"<p>[vc_row css=&#8221;.vc_custom_1459746508721{margin-top: 50px !important;margin-right: 150px !important;margin-left: 150px !important;}&#8221;][vc_column][vc_custom_heading text=&#8221;POL\u00cdTICA DE PRIVACIDADE &#8220;TOP SUCCESS TOOLS&#8220;&#8221; font_container=&#8221;tag:h3|text_align:center&#8221; use_theme_fonts=&#8221;yes&#8221;][\/vc_column][\/vc_row][vc_row content_placement=&#8221;top&#8221; css=&#8221;.vc_custom_1459746644394{margin-right: 150px !important;margin-left: 150px !important;}&#8221;][vc_column][vc_column_text] Porque na Top Success<span class=\"excerpt-hellip\"> [\u2026]<\/span><\/p>\n","protected":false},"author":1,"featured_media":0,"parent":0,"menu_order":112,"comment_status":"closed","ping_status":"closed","template":"","meta":{"footnotes":""},"class_list":["post-250","page","type-page","status-publish","hentry"],"yoast_head":"<!-- This site is optimized with the Yoast SEO plugin v27.2 - https:\/\/yoast.com\/product\/yoast-seo-wordpress\/ -->\n<title>Pol\u00edtica de Privacidade - Top Success Tools!<\/title>\n<meta name=\"robots\" content=\"index, follow, max-snippet:-1, max-image-preview:large, max-video-preview:-1\" \/>\n<link rel=\"canonical\" href=\"https:\/\/topsuccesstools.com\/pt-pt\/politica-privacidade\/\" \/>\n<meta property=\"og:locale\" content=\"pt_PT\" \/>\n<meta property=\"og:type\" content=\"article\" \/>\n<meta property=\"og:title\" content=\"Pol\u00edtica de Privacidade - Top Success Tools!\" \/>\n<meta property=\"og:description\" content=\"[vc_row css=&#8221;.vc_custom_1459746508721{margin-top: 50px !important;margin-right: 150px !important;margin-left: 150px !important;}&#8221;][vc_column][vc_custom_heading text=&#8221;POL\u00cdTICA DE PRIVACIDADE &#8220;TOP SUCCESS TOOLS&#8220;&#8221; font_container=&#8221;tag:h3|text_align:center&#8221; use_theme_fonts=&#8221;yes&#8221;][\/vc_column][\/vc_row][vc_row content_placement=&#8221;top&#8221; css=&#8221;.vc_custom_1459746644394{margin-right: 150px !important;margin-left: 150px !important;}&#8221;][vc_column][vc_column_text] Porque na Top Success [\u2026]\" \/>\n<meta property=\"og:url\" content=\"https:\/\/topsuccesstools.com\/pt-pt\/politica-privacidade\/\" \/>\n<meta property=\"og:site_name\" content=\"Top Success Tools!\" \/>\n<meta property=\"article:modified_time\" content=\"2016-04-04T05:11:26+00:00\" \/>\n<meta name=\"twitter:card\" content=\"summary_large_image\" \/>\n<script type=\"application\/ld+json\" class=\"yoast-schema-graph\">{\"@context\":\"https:\/\/schema.org\",\"@graph\":[{\"@type\":\"WebPage\",\"@id\":\"https:\/\/topsuccesstools.com\/pt-pt\/politica-privacidade\/\",\"url\":\"https:\/\/topsuccesstools.com\/pt-pt\/politica-privacidade\/\",\"name\":\"Pol\u00edtica de Privacidade - Top Success Tools!\",\"isPartOf\":{\"@id\":\"https:\/\/topsuccesstools.com\/#website\"},\"datePublished\":\"2016-02-08T15:53:51+00:00\",\"dateModified\":\"2016-04-04T05:11:26+00:00\",\"breadcrumb\":{\"@id\":\"https:\/\/topsuccesstools.com\/pt-pt\/politica-privacidade\/#breadcrumb\"},\"inLanguage\":\"pt-PT\",\"potentialAction\":[{\"@type\":\"ReadAction\",\"target\":[\"https:\/\/topsuccesstools.com\/pt-pt\/politica-privacidade\/\"]}]},{\"@type\":\"BreadcrumbList\",\"@id\":\"https:\/\/topsuccesstools.com\/pt-pt\/politica-privacidade\/#breadcrumb\",\"itemListElement\":[{\"@type\":\"ListItem\",\"position\":1,\"name\":\"Home\",\"item\":\"https:\/\/topsuccesstools.com\/\"},{\"@type\":\"ListItem\",\"position\":2,\"name\":\"Pol\u00edtica de Privacidade\"}]},{\"@type\":\"WebSite\",\"@id\":\"https:\/\/topsuccesstools.com\/#website\",\"url\":\"https:\/\/topsuccesstools.com\/\",\"name\":\"Top Success Tools!\",\"description\":\"Become the best version of Yourself!\",\"publisher\":{\"@id\":\"https:\/\/topsuccesstools.com\/#organization\"},\"potentialAction\":[{\"@type\":\"SearchAction\",\"target\":{\"@type\":\"EntryPoint\",\"urlTemplate\":\"https:\/\/topsuccesstools.com\/?s={search_term_string}\"},\"query-input\":{\"@type\":\"PropertyValueSpecification\",\"valueRequired\":true,\"valueName\":\"search_term_string\"}}],\"inLanguage\":\"pt-PT\"},{\"@type\":\"Organization\",\"@id\":\"https:\/\/topsuccesstools.com\/#organization\",\"name\":\"Top Success Tools\",\"url\":\"https:\/\/topsuccesstools.com\/\",\"logo\":{\"@type\":\"ImageObject\",\"inLanguage\":\"pt-PT\",\"@id\":\"https:\/\/topsuccesstools.com\/#\/schema\/logo\/image\/\",\"url\":\"http:\/\/topsuccesstools.com\/wp-content\/uploads\/2016\/03\/logoheader-2.jpg\",\"contentUrl\":\"http:\/\/topsuccesstools.com\/wp-content\/uploads\/2016\/03\/logoheader-2.jpg\",\"width\":1200,\"height\":463,\"caption\":\"Top Success Tools\"},\"image\":{\"@id\":\"https:\/\/topsuccesstools.com\/#\/schema\/logo\/image\/\"}}]}<\/script>\n<!-- \/ Yoast SEO plugin. -->","yoast_head_json":{"title":"Pol\u00edtica de Privacidade - Top Success Tools!","robots":{"index":"index","follow":"follow","max-snippet":"max-snippet:-1","max-image-preview":"max-image-preview:large","max-video-preview":"max-video-preview:-1"},"canonical":"https:\/\/topsuccesstools.com\/pt-pt\/politica-privacidade\/","og_locale":"pt_PT","og_type":"article","og_title":"Pol\u00edtica de Privacidade - Top Success Tools!","og_description":"[vc_row css=&#8221;.vc_custom_1459746508721{margin-top: 50px !important;margin-right: 150px !important;margin-left: 150px !important;}&#8221;][vc_column][vc_custom_heading text=&#8221;POL\u00cdTICA DE PRIVACIDADE &#8220;TOP SUCCESS TOOLS&#8220;&#8221; font_container=&#8221;tag:h3|text_align:center&#8221; use_theme_fonts=&#8221;yes&#8221;][\/vc_column][\/vc_row][vc_row content_placement=&#8221;top&#8221; css=&#8221;.vc_custom_1459746644394{margin-right: 150px !important;margin-left: 150px !important;}&#8221;][vc_column][vc_column_text] Porque na Top Success [\u2026]","og_url":"https:\/\/topsuccesstools.com\/pt-pt\/politica-privacidade\/","og_site_name":"Top Success Tools!","article_modified_time":"2016-04-04T05:11:26+00:00","twitter_card":"summary_large_image","schema":{"@context":"https:\/\/schema.org","@graph":[{"@type":"WebPage","@id":"https:\/\/topsuccesstools.com\/pt-pt\/politica-privacidade\/","url":"https:\/\/topsuccesstools.com\/pt-pt\/politica-privacidade\/","name":"Pol\u00edtica de Privacidade - Top Success Tools!","isPartOf":{"@id":"https:\/\/topsuccesstools.com\/#website"},"datePublished":"2016-02-08T15:53:51+00:00","dateModified":"2016-04-04T05:11:26+00:00","breadcrumb":{"@id":"https:\/\/topsuccesstools.com\/pt-pt\/politica-privacidade\/#breadcrumb"},"inLanguage":"pt-PT","potentialAction":[{"@type":"ReadAction","target":["https:\/\/topsuccesstools.com\/pt-pt\/politica-privacidade\/"]}]},{"@type":"BreadcrumbList","@id":"https:\/\/topsuccesstools.com\/pt-pt\/politica-privacidade\/#breadcrumb","itemListElement":[{"@type":"ListItem","position":1,"name":"Home","item":"https:\/\/topsuccesstools.com\/"},{"@type":"ListItem","position":2,"name":"Pol\u00edtica de Privacidade"}]},{"@type":"WebSite","@id":"https:\/\/topsuccesstools.com\/#website","url":"https:\/\/topsuccesstools.com\/","name":"Top Success Tools!","description":"Become the best version of Yourself!","publisher":{"@id":"https:\/\/topsuccesstools.com\/#organization"},"potentialAction":[{"@type":"SearchAction","target":{"@type":"EntryPoint","urlTemplate":"https:\/\/topsuccesstools.com\/?s={search_term_string}"},"query-input":{"@type":"PropertyValueSpecification","valueRequired":true,"valueName":"search_term_string"}}],"inLanguage":"pt-PT"},{"@type":"Organization","@id":"https:\/\/topsuccesstools.com\/#organization","name":"Top Success Tools","url":"https:\/\/topsuccesstools.com\/","logo":{"@type":"ImageObject","inLanguage":"pt-PT","@id":"https:\/\/topsuccesstools.com\/#\/schema\/logo\/image\/","url":"http:\/\/topsuccesstools.com\/wp-content\/uploads\/2016\/03\/logoheader-2.jpg","contentUrl":"http:\/\/topsuccesstools.com\/wp-content\/uploads\/2016\/03\/logoheader-2.jpg","width":1200,"height":463,"caption":"Top Success Tools"},"image":{"@id":"https:\/\/topsuccesstools.com\/#\/schema\/logo\/image\/"}}]}},"_links":{"self":[{"href":"https:\/\/topsuccesstools.com\/pt-pt\/wp-json\/wp\/v2\/pages\/250","targetHints":{"allow":["GET"]}}],"collection":[{"href":"https:\/\/topsuccesstools.com\/pt-pt\/wp-json\/wp\/v2\/pages"}],"about":[{"href":"https:\/\/topsuccesstools.com\/pt-pt\/wp-json\/wp\/v2\/types\/page"}],"author":[{"embeddable":true,"href":"https:\/\/topsuccesstools.com\/pt-pt\/wp-json\/wp\/v2\/users\/1"}],"replies":[{"embeddable":true,"href":"https:\/\/topsuccesstools.com\/pt-pt\/wp-json\/wp\/v2\/comments?post=250"}],"version-history":[{"count":9,"href":"https:\/\/topsuccesstools.com\/pt-pt\/wp-json\/wp\/v2\/pages\/250\/revisions"}],"predecessor-version":[{"id":417,"href":"https:\/\/topsuccesstools.com\/pt-pt\/wp-json\/wp\/v2\/pages\/250\/revisions\/417"}],"wp:attachment":[{"href":"https:\/\/topsuccesstools.com\/pt-pt\/wp-json\/wp\/v2\/media?parent=250"}],"curies":[{"name":"wp","href":"https:\/\/api.w.org\/{rel}","templated":true}]}}