{"id":268,"date":"2016-02-08T15:46:48","date_gmt":"2016-02-08T15:46:48","guid":{"rendered":"http:\/\/topsuccesstools.com\/terms-conditions\/?lang=pt-pt"},"modified":"2016-06-04T10:42:59","modified_gmt":"2016-06-04T10:42:59","slug":"termos-condicoes","status":"publish","type":"page","link":"https:\/\/topsuccesstools.com\/pt-pt\/termos-condicoes\/","title":{"rendered":"Termos e Condi\u00e7\u00f5es"},"content":{"rendered":"<div class=\"wpb-content-wrapper\"><p>[vc_row][vc_column][vc_custom_heading source=&#8221;post_title&#8221; font_container=&#8221;tag:h3|text_align:center&#8221; use_theme_fonts=&#8221;yes&#8221; css=&#8221;.vc_custom_1457810559810{margin-top: 50px !important;margin-bottom: 50px !important;}&#8221;][vc_text_separator title=&#8221;POL\u00cdTICA DE DEVOLU\u00c7\u00d5ES &#8220;Money Back Guarantee&#8220;&#8221; color=&#8221;mulled_wine&#8221; css=&#8221;.vc_custom_1456858250082{padding-top: 20px !important;padding-bottom: 20px !important;}&#8221;][\/vc_column][\/vc_row][vc_row content_placement=&#8221;top&#8221; css=&#8221;.vc_custom_1459745496451{margin-right: 150px !important;margin-left: 150px !important;}&#8221;][vc_column][vc_column_text]<\/p>\n<h6>&#8220;Teen Coaching&#8221; Package<\/h6>\n<p class=\"small\">Devido \u00e0 sua natureza particular, no &#8220;Teen Coaching&#8221; Package\u00a0\u00a0h\u00e1 uma decis\u00e3o e um refor\u00e7o de compromisso no final da primeira sess\u00e3o, por isso uma devolu\u00e7\u00e3o do valor (excluindo o valor desta sess\u00e3o) s\u00f3 ser\u00e1 poss\u00edvel se houver de facto uma raz\u00e3o muito forte que justifique a n\u00e3o continua\u00e7\u00e3o do processo.<\/p>\n<p class=\"small\">Se cancelar todas as sess\u00f5es seguintes, ou n\u00e3o aparecer, 1 sess\u00e3o ao valor individual de \u20ac299 ser\u00e1 deduzida ao valor do Package a ser-lhe eventualmente devolvido.<\/p>\n<p class=\"small\">Se cancelar uma sess\u00e3o com menos de 72 horas de anteced\u00eancia da hora agendada, ou n\u00e3o aparecer, o valor dessa sess\u00e3o ser\u00e1 deduzidas ao seu Package sem direito a devolu\u00e7\u00e3o.<\/p>\n<p>[\/vc_column_text][\/vc_column][\/vc_row][vc_row content_placement=&#8221;top&#8221; css=&#8221;.vc_custom_1459745511263{margin-right: 150px !important;margin-left: 150px !important;}&#8221;][vc_column][vc_column_text]<\/p>\n<h6>&#8220;Gold&#8221; Package<\/h6>\n<p class=\"small\">\u00c9 poss\u00edvel a devolu\u00e7\u00e3o total do valor do\u00a0&#8220;Gold&#8221; Package\u00a0ap\u00f3s a primeira sess\u00e3o (incluindo o valor dessa sess\u00e3o) se tiver agendado 4 ou mais sess\u00f5es e n\u00e3o quiser prosseguir. No entanto, dever\u00e1 avisar-nos at\u00e9 um prazo m\u00e1ximo de 24 horas ap\u00f3s a sess\u00e3o inicial.<\/p>\n<p class=\"small\">Se tal n\u00e3o acontecer, ser-lhe-\u00e3o deduzidas 2 sess\u00f5es ao valor individual de \u20ac299 ao valor total do Package e ser-lhe-\u00e1 devolvida a diferen\u00e7a.<\/p>\n<p class=\"small\">Se cancelar todas as sess\u00f5es com menos de 72 horas de anteced\u00eancia da primeira sess\u00e3o agendada, n\u00e3o fizer a liga\u00e7\u00e3o ou n\u00e3o aparecer, 2 sess\u00f5es ao valor individual de \u20ac299 ser\u00e3o deduzidas ao valor do Package a ser-lhe eventualmente devolvido.<\/p>\n<p class=\"small\">Se cancelar uma sess\u00e3o com menos de 72 horas de anteced\u00eancia da hora agendada, n\u00e3o fizer a liga\u00e7\u00e3o ou n\u00e3o aparecer, o valor dessa sess\u00e3o ser\u00e1 deduzidas ao seu Package sem direito a devolu\u00e7\u00e3o.<\/p>\n<p>[\/vc_column_text][\/vc_column][\/vc_row][vc_row content_placement=&#8221;top&#8221; css=&#8221;.vc_custom_1459745545026{margin-right: 150px !important;margin-left: 150px !important;}&#8221;][vc_column][vc_column_text]<\/p>\n<h6>&#8220;Platinum&#8221; Package<\/h6>\n<p class=\"small\">\u00c9 poss\u00edvel a devolu\u00e7\u00e3o total do valor do\u00a0&#8220;Platinum&#8221; Package\u00a0ap\u00f3s a primeira sess\u00e3o (incluindo o valor dessa sess\u00e3o) se tiver agendado 4 ou mais sess\u00f5es e n\u00e3o quiser prosseguir. No entanto, dever\u00e1 avisar-nos at\u00e9 um prazo m\u00e1ximo de 24 horas ap\u00f3s a sess\u00e3o inicial.<\/p>\n<p class=\"small\">Se tal n\u00e3o acontecer, ser-lhe-\u00e3o deduzidas 2 sess\u00f5es ao valor individual de \u20ac299 ao valor total do Package e ser-lhe-\u00e1 devolvida a diferen\u00e7a.<\/p>\n<p class=\"small\">Se cancelar todas as sess\u00f5es com menos de 72 horas de anteced\u00eancia da primeira sess\u00e3o agendada, n\u00e3o fizer a liga\u00e7\u00e3o ou n\u00e3o aparecer, 2 sess\u00f5es ao valor individual de \u20ac299 ser\u00e3o deduzidas ao valor do Package a ser-lhe eventualmente devolvido.<\/p>\n<p class=\"small\">Se cancelar uma sess\u00e3o com menos de 72 horas de anteced\u00eancia da hora agendada, n\u00e3o fizer a liga\u00e7\u00e3o ou n\u00e3o aparecer, o valor dessa sess\u00e3o ser\u00e1 deduzidas ao seu Package sem direito a devolu\u00e7\u00e3o.<\/p>\n<p>[\/vc_column_text][\/vc_column][\/vc_row][vc_row content_placement=&#8221;top&#8221; css=&#8221;.vc_custom_1459745558317{margin-right: 150px !important;margin-left: 150px !important;}&#8221;][vc_column][vc_column_text]<\/p>\n<h6>&#8220;Diamond&#8221; Package<\/h6>\n<p class=\"small\">\u00c9 poss\u00edvel a devolu\u00e7\u00e3o total do valor do\u00a0&#8220;Diamond&#8221; Package\u00a0ap\u00f3s a primeira sess\u00e3o (incluindo o valor dessa sess\u00e3o) se tiver agendado 4 ou mais sess\u00f5es e n\u00e3o quiser prosseguir. No entanto, dever\u00e1 avisar-nos at\u00e9 um prazo m\u00e1ximo de 24 horas ap\u00f3s a sess\u00e3o inicial.<\/p>\n<p class=\"small\">Se tal n\u00e3o acontecer, ser-lhe-\u00e3o deduzidas 2 sess\u00f5es ao valor individual de \u20ac299 ao valor total do Package e ser-lhe-\u00e1 devolvida a diferen\u00e7a.<\/p>\n<p class=\"small\">Se cancelar todas as sess\u00f5es com menos de 72 horas de anteced\u00eancia da primeira sess\u00e3o agendada, n\u00e3o fizer a liga\u00e7\u00e3o ou n\u00e3o aparecer, 2 sess\u00f5es ao valor individual de \u20ac299 ser\u00e3o deduzidas ao valor do Package a ser-lhe eventualmente devolvido.<\/p>\n<p class=\"small\">Se cancelar uma sess\u00e3o com menos de 72 horas de anteced\u00eancia da hora agendada, n\u00e3o fizer a liga\u00e7\u00e3o ou n\u00e3o aparecer, o valor dessa sess\u00e3o ser\u00e1 deduzidas ao seu Package sem direito a devolu\u00e7\u00e3o.<\/p>\n<p>[\/vc_column_text][\/vc_column][\/vc_row][vc_row content_placement=&#8221;top&#8221; css=&#8221;.vc_custom_1459745619223{margin-right: 150px !important;margin-left: 150px !important;}&#8221;][vc_column][vc_column_text]<\/p>\n<h6>&#8220;Platinum Package&#8221;<\/h6>\n<p class=\"small\">Se agendar as 12 sess\u00f5es do &#8220;Platinum Package&#8221;\u00a0e atingir os resultados ao fim de 8, n\u00f3s subtra\u00edmos o valor das 8 sess\u00f5es e oferecemos-lhe um Voucher no valor da diferen\u00e7a.<\/p>\n<p class=\"small\">Sess\u00f5es n\u00e3o utilizadas podem ser oferecidas a um Familiar ou Amigo, desde que este re\u00fana as condi\u00e7\u00f5es para fazer um Processo de\u00a0Results Coaching.<\/p>\n<p class=\"small\">Se cancelar uma sess\u00e3o com menos de 72 horas de anteced\u00eancia da hora agendada, n\u00e3o fizer a liga\u00e7\u00e3o ou n\u00e3o aparecer, o valor dessa sess\u00e3o ser\u00e1 deduzidas ao seu Package sem direito a devolu\u00e7\u00e3o.<\/p>\n<p>[\/vc_column_text][\/vc_column][\/vc_row][vc_row content_placement=&#8221;top&#8221; css=&#8221;.vc_custom_1459745637497{margin-right: 150px !important;margin-left: 150px !important;}&#8221;][vc_column][vc_column_text]<\/p>\n<h6>&#8220;Ultra VIP&#8221; Package<\/h6>\n<p class=\"small\">Com o nosso\u00a0&#8220;Ultra VIP&#8221; Package\u00a0anual, se quiser cancelar durante o ano, ser\u00e3o contabilizadas as sess\u00f5es (os cancelamentos e\/ou n\u00e3o compar\u00eancias) que ser\u00e3o cotadas pelo valor das Sess\u00f5es Individuais (\u20ac299). E esse valor ser\u00e1 subtra\u00eddo ao valor total pago inicialmente, e a diferen\u00e7a correspondente ser\u00e1 devidamente devolvida.<\/p>\n<p class=\"small\">As devolu\u00e7\u00f5es de dinheiro ter\u00e3o que ser requisitadas at\u00e9 30 dias ap\u00f3s a \u00faltima sess\u00e3o. Ap\u00f3s estes 30 dias, n\u00e3o haver\u00e1 direito \u00e0 devolu\u00e7\u00e3o do valor no entanto as restantes sess\u00f5es podem ser utilizadas at\u00e9 12 meses ap\u00f3s a primeira sess\u00e3o.<\/p>\n<p class=\"small\">Sess\u00f5es n\u00e3o utilizadas podem ser oferecidas a um Familiar ou Amigo, desde que este re\u00fana as condi\u00e7\u00f5es para fazer um Processo de\u00a0Results Coaching.<\/p>\n<p class=\"small\">Se cancelar uma sess\u00e3o com menos de 72 horas de anteced\u00eancia da hora agendada, n\u00e3o fizer a liga\u00e7\u00e3o ou n\u00e3o aparecer, o valor dessa sess\u00e3o ser\u00e1 deduzidas ao seu Package sem direito a devolu\u00e7\u00e3o.<\/p>\n<p>[\/vc_column_text][\/vc_column][\/vc_row][vc_row content_placement=&#8221;top&#8221; css=&#8221;.vc_custom_1459745657331{margin-right: 150px !important;margin-left: 150px !important;}&#8221;][vc_column][vc_column_text]<\/p>\n<h6>&#8220;Silver Bullet&#8221; Package<\/h6>\n<p class=\"small\">A devolu\u00e7\u00e3o total do valor do\u00a0&#8220;Silver Bullet&#8221; Package, por sere de sess\u00e3o \u00fanica, ser\u00e1 poss\u00edvel se este for cancelado no m\u00e1ximo at\u00e9 72 horas de anteced\u00eancia do seu agendamento, ou poder\u00e1 ser convertido num Voucher para ser oferecido a um Familiar ou Amigo, desde que este re\u00fana as condi\u00e7\u00f5es para fazer um Processo de\u00a0Results Coaching.<\/p>\n<p class=\"small\">N\u00e3o haver\u00e1 direito a devolu\u00e7\u00e3o no caso de um package de sess\u00e3o \u00fanica, caso esta seja cancelado a menos de 72 horas do seu agendamento.<\/p>\n<p>[\/vc_column_text][\/vc_column][\/vc_row][vc_row content_placement=&#8221;top&#8221; css=&#8221;.vc_custom_1459745657331{margin-right: 150px !important;margin-left: 150px !important;}&#8221;][vc_column][vc_column_text]<\/p>\n<h6>&#8220;S.O.S. Intervention&#8221; Package<\/h6>\n<p class=\"small\">A devolu\u00e7\u00e3o total do valor do\u00a0&#8220;S.O.S. Intervention&#8221; Package, por sere de sess\u00e3o \u00fanica, ser\u00e1 poss\u00edvel se este for cancelado no m\u00e1ximo at\u00e9 72 horas de anteced\u00eancia do seu agendamento, ou poder\u00e1 ser convertido num Voucher para ser oferecido a um Familiar ou Amigo, desde que este re\u00fana as condi\u00e7\u00f5es para fazer um Processo de\u00a0Results Coaching.<\/p>\n<p class=\"small\">N\u00e3o haver\u00e1 direito a devolu\u00e7\u00e3o no caso de um package de sess\u00e3o \u00fanica, caso esta seja cancelado a menos de 72 horas do seu agendamento.<\/p>\n<p>[\/vc_column_text][\/vc_column][\/vc_row][vc_row content_placement=&#8221;top&#8221; css=&#8221;.vc_custom_1459745657331{margin-right: 150px !important;margin-left: 150px !important;}&#8221;][vc_column][vc_column_text]<\/p>\n<h6>RESOLU\u00c7\u00c3O DE LIT\u00cdGIOS DE CONSUMO<\/h6>\n<p class=\"small\">Em caso de lit\u00edgio o consumidor pode recorrer a uma Entidade de Resolu\u00e7\u00e3o Alternativa de Lit\u00edgios de consumo:<\/p>\n<p>CENTRO NACIONAL DE INFORMA\u00c7\u00c3O E ARBITRAGEM DE CONFLITOS DE CONSUMO<br \/>\nFaculdade de Direito da Universidade Nova de Lisboa Campus de Campolide \u2013 1099-032 Lisboa<\/p>\n<p>Telefone: 213 847 484<\/p>\n<p>E-mail: cniacc@fd.unl.pt<\/p>\n<p>Site: http:\/\/www.arbitragemdeconsumo.org\/<\/p>\n<p>Mais informa\u00e7\u00f5es em Portal do Consumidor www.consumidor.pt<\/p>\n<p>[\/vc_column_text][\/vc_column][\/vc_row]<\/p>\n<\/div>","protected":false},"excerpt":{"rendered":"<p>[vc_row][vc_column][vc_custom_heading source=&#8221;post_title&#8221; font_container=&#8221;tag:h3|text_align:center&#8221; use_theme_fonts=&#8221;yes&#8221; css=&#8221;.vc_custom_1457810559810{margin-top: 50px !important;margin-bottom: 50px !important;}&#8221;][vc_text_separator title=&#8221;POL\u00cdTICA DE DEVOLU\u00c7\u00d5ES &#8220;Money Back Guarantee&#8220;&#8221; color=&#8221;mulled_wine&#8221; css=&#8221;.vc_custom_1456858250082{padding-top: 20px !important;padding-bottom: 20px !important;}&#8221;][\/vc_column][\/vc_row][vc_row content_placement=&#8221;top&#8221; css=&#8221;.vc_custom_1459745496451{margin-right: 150px !important;margin-left: 150px<span class=\"excerpt-hellip\"> [\u2026]<\/span><\/p>\n","protected":false},"author":1,"featured_media":0,"parent":0,"menu_order":111,"comment_status":"closed","ping_status":"closed","template":"","meta":{"footnotes":""},"class_list":["post-268","page","type-page","status-publish","hentry"],"yoast_head":"<!-- This site is optimized with the Yoast SEO plugin v27.2 - https:\/\/yoast.com\/product\/yoast-seo-wordpress\/ -->\n<title>Termos e Condi\u00e7\u00f5es - Top Success Tools!<\/title>\n<meta name=\"description\" content=\"Termos e Condi\u00e7\u00f5es - a nossa POL\u00cdTICA DE DEVOLU\u00c7\u00d5ES &quot;Money Back Guarantee&quot;\u00a0\" \/>\n<meta name=\"robots\" content=\"index, follow, max-snippet:-1, max-image-preview:large, max-video-preview:-1\" \/>\n<link rel=\"canonical\" href=\"https:\/\/topsuccesstools.com\/pt-pt\/termos-condicoes\/\" \/>\n<meta property=\"og:locale\" content=\"pt_PT\" \/>\n<meta property=\"og:type\" content=\"article\" \/>\n<meta property=\"og:title\" content=\"Termos e Condi\u00e7\u00f5es - Top Success Tools\" \/>\n<meta property=\"og:description\" content=\"Termos e Condi\u00e7\u00f5es - a nossa POL\u00cdTICA DE DEVOLU\u00c7\u00d5ES &quot;Money Back Guarantee&quot;\" \/>\n<meta property=\"og:url\" content=\"https:\/\/topsuccesstools.com\/pt-pt\/termos-condicoes\/\" \/>\n<meta property=\"og:site_name\" content=\"Top Success Tools!\" \/>\n<meta property=\"article:modified_time\" content=\"2016-06-04T10:42:59+00:00\" \/>\n<meta property=\"og:image\" content=\"https:\/\/topsuccesstools.com\/wp-content\/uploads\/2016\/02\/cropped-logo-sticky.png\" \/>\n\t<meta property=\"og:image:width\" content=\"512\" \/>\n\t<meta property=\"og:image:height\" content=\"512\" \/>\n\t<meta property=\"og:image:type\" content=\"image\/png\" \/>\n<meta name=\"twitter:card\" content=\"summary_large_image\" \/>\n<meta name=\"twitter:title\" content=\"Termos e Condi\u00e7\u00f5es - Top Success Tools\" \/>\n<meta name=\"twitter:description\" content=\"Termos e Condi\u00e7\u00f5es - a nossa POL\u00cdTICA DE DEVOLU\u00c7\u00d5ES &quot;Money Back Guarantee&quot;\" \/>\n<script type=\"application\/ld+json\" class=\"yoast-schema-graph\">{\"@context\":\"https:\/\/schema.org\",\"@graph\":[{\"@type\":\"WebPage\",\"@id\":\"https:\/\/topsuccesstools.com\/pt-pt\/termos-condicoes\/\",\"url\":\"https:\/\/topsuccesstools.com\/pt-pt\/termos-condicoes\/\",\"name\":\"Termos e Condi\u00e7\u00f5es - Top Success Tools!\",\"isPartOf\":{\"@id\":\"https:\/\/topsuccesstools.com\/#website\"},\"datePublished\":\"2016-02-08T15:46:48+00:00\",\"dateModified\":\"2016-06-04T10:42:59+00:00\",\"description\":\"Termos e Condi\u00e7\u00f5es - a nossa POL\u00cdTICA DE DEVOLU\u00c7\u00d5ES \\\"Money Back Guarantee\\\"\u00a0\",\"breadcrumb\":{\"@id\":\"https:\/\/topsuccesstools.com\/pt-pt\/termos-condicoes\/#breadcrumb\"},\"inLanguage\":\"pt-PT\",\"potentialAction\":[{\"@type\":\"ReadAction\",\"target\":[\"https:\/\/topsuccesstools.com\/pt-pt\/termos-condicoes\/\"]}]},{\"@type\":\"BreadcrumbList\",\"@id\":\"https:\/\/topsuccesstools.com\/pt-pt\/termos-condicoes\/#breadcrumb\",\"itemListElement\":[{\"@type\":\"ListItem\",\"position\":1,\"name\":\"Home\",\"item\":\"https:\/\/topsuccesstools.com\/\"},{\"@type\":\"ListItem\",\"position\":2,\"name\":\"Termos e Condi\u00e7\u00f5es\"}]},{\"@type\":\"WebSite\",\"@id\":\"https:\/\/topsuccesstools.com\/#website\",\"url\":\"https:\/\/topsuccesstools.com\/\",\"name\":\"Top Success Tools!\",\"description\":\"Become the best version of Yourself!\",\"publisher\":{\"@id\":\"https:\/\/topsuccesstools.com\/#organization\"},\"potentialAction\":[{\"@type\":\"SearchAction\",\"target\":{\"@type\":\"EntryPoint\",\"urlTemplate\":\"https:\/\/topsuccesstools.com\/?s={search_term_string}\"},\"query-input\":{\"@type\":\"PropertyValueSpecification\",\"valueRequired\":true,\"valueName\":\"search_term_string\"}}],\"inLanguage\":\"pt-PT\"},{\"@type\":\"Organization\",\"@id\":\"https:\/\/topsuccesstools.com\/#organization\",\"name\":\"Top Success Tools\",\"url\":\"https:\/\/topsuccesstools.com\/\",\"logo\":{\"@type\":\"ImageObject\",\"inLanguage\":\"pt-PT\",\"@id\":\"https:\/\/topsuccesstools.com\/#\/schema\/logo\/image\/\",\"url\":\"http:\/\/topsuccesstools.com\/wp-content\/uploads\/2016\/03\/logoheader-2.jpg\",\"contentUrl\":\"http:\/\/topsuccesstools.com\/wp-content\/uploads\/2016\/03\/logoheader-2.jpg\",\"width\":1200,\"height\":463,\"caption\":\"Top Success Tools\"},\"image\":{\"@id\":\"https:\/\/topsuccesstools.com\/#\/schema\/logo\/image\/\"}}]}<\/script>\n<!-- \/ Yoast SEO plugin. -->","yoast_head_json":{"title":"Termos e Condi\u00e7\u00f5es - Top Success Tools!","description":"Termos e Condi\u00e7\u00f5es - a nossa POL\u00cdTICA DE DEVOLU\u00c7\u00d5ES \"Money Back Guarantee\"\u00a0","robots":{"index":"index","follow":"follow","max-snippet":"max-snippet:-1","max-image-preview":"max-image-preview:large","max-video-preview":"max-video-preview:-1"},"canonical":"https:\/\/topsuccesstools.com\/pt-pt\/termos-condicoes\/","og_locale":"pt_PT","og_type":"article","og_title":"Termos e Condi\u00e7\u00f5es - Top Success Tools","og_description":"Termos e Condi\u00e7\u00f5es - a nossa POL\u00cdTICA DE DEVOLU\u00c7\u00d5ES \"Money Back Guarantee\"","og_url":"https:\/\/topsuccesstools.com\/pt-pt\/termos-condicoes\/","og_site_name":"Top Success Tools!","article_modified_time":"2016-06-04T10:42:59+00:00","og_image":[{"width":512,"height":512,"url":"https:\/\/topsuccesstools.com\/wp-content\/uploads\/2016\/02\/cropped-logo-sticky.png","type":"image\/png"}],"twitter_card":"summary_large_image","twitter_title":"Termos e Condi\u00e7\u00f5es - Top Success Tools","twitter_description":"Termos e Condi\u00e7\u00f5es - a nossa POL\u00cdTICA DE DEVOLU\u00c7\u00d5ES \"Money Back Guarantee\"","schema":{"@context":"https:\/\/schema.org","@graph":[{"@type":"WebPage","@id":"https:\/\/topsuccesstools.com\/pt-pt\/termos-condicoes\/","url":"https:\/\/topsuccesstools.com\/pt-pt\/termos-condicoes\/","name":"Termos e Condi\u00e7\u00f5es - Top Success Tools!","isPartOf":{"@id":"https:\/\/topsuccesstools.com\/#website"},"datePublished":"2016-02-08T15:46:48+00:00","dateModified":"2016-06-04T10:42:59+00:00","description":"Termos e Condi\u00e7\u00f5es - a nossa POL\u00cdTICA DE DEVOLU\u00c7\u00d5ES \"Money Back Guarantee\"\u00a0","breadcrumb":{"@id":"https:\/\/topsuccesstools.com\/pt-pt\/termos-condicoes\/#breadcrumb"},"inLanguage":"pt-PT","potentialAction":[{"@type":"ReadAction","target":["https:\/\/topsuccesstools.com\/pt-pt\/termos-condicoes\/"]}]},{"@type":"BreadcrumbList","@id":"https:\/\/topsuccesstools.com\/pt-pt\/termos-condicoes\/#breadcrumb","itemListElement":[{"@type":"ListItem","position":1,"name":"Home","item":"https:\/\/topsuccesstools.com\/"},{"@type":"ListItem","position":2,"name":"Termos e Condi\u00e7\u00f5es"}]},{"@type":"WebSite","@id":"https:\/\/topsuccesstools.com\/#website","url":"https:\/\/topsuccesstools.com\/","name":"Top Success Tools!","description":"Become the best version of Yourself!","publisher":{"@id":"https:\/\/topsuccesstools.com\/#organization"},"potentialAction":[{"@type":"SearchAction","target":{"@type":"EntryPoint","urlTemplate":"https:\/\/topsuccesstools.com\/?s={search_term_string}"},"query-input":{"@type":"PropertyValueSpecification","valueRequired":true,"valueName":"search_term_string"}}],"inLanguage":"pt-PT"},{"@type":"Organization","@id":"https:\/\/topsuccesstools.com\/#organization","name":"Top Success Tools","url":"https:\/\/topsuccesstools.com\/","logo":{"@type":"ImageObject","inLanguage":"pt-PT","@id":"https:\/\/topsuccesstools.com\/#\/schema\/logo\/image\/","url":"http:\/\/topsuccesstools.com\/wp-content\/uploads\/2016\/03\/logoheader-2.jpg","contentUrl":"http:\/\/topsuccesstools.com\/wp-content\/uploads\/2016\/03\/logoheader-2.jpg","width":1200,"height":463,"caption":"Top Success Tools"},"image":{"@id":"https:\/\/topsuccesstools.com\/#\/schema\/logo\/image\/"}}]}},"_links":{"self":[{"href":"https:\/\/topsuccesstools.com\/pt-pt\/wp-json\/wp\/v2\/pages\/268","targetHints":{"allow":["GET"]}}],"collection":[{"href":"https:\/\/topsuccesstools.com\/pt-pt\/wp-json\/wp\/v2\/pages"}],"about":[{"href":"https:\/\/topsuccesstools.com\/pt-pt\/wp-json\/wp\/v2\/types\/page"}],"author":[{"embeddable":true,"href":"https:\/\/topsuccesstools.com\/pt-pt\/wp-json\/wp\/v2\/users\/1"}],"replies":[{"embeddable":true,"href":"https:\/\/topsuccesstools.com\/pt-pt\/wp-json\/wp\/v2\/comments?post=268"}],"version-history":[{"count":11,"href":"https:\/\/topsuccesstools.com\/pt-pt\/wp-json\/wp\/v2\/pages\/268\/revisions"}],"predecessor-version":[{"id":269,"href":"https:\/\/topsuccesstools.com\/pt-pt\/wp-json\/wp\/v2\/pages\/268\/revisions\/269"}],"wp:attachment":[{"href":"https:\/\/topsuccesstools.com\/pt-pt\/wp-json\/wp\/v2\/media?parent=268"}],"curies":[{"name":"wp","href":"https:\/\/api.w.org\/{rel}","templated":true}]}}