{"id":289,"date":"2016-02-04T15:01:25","date_gmt":"2016-02-04T15:01:25","guid":{"rendered":"http:\/\/topsuccesstools.com\/shop\/uncategorized\/pack-teen-coaching\/"},"modified":"2023-08-23T12:13:14","modified_gmt":"2023-08-23T12:13:14","slug":"pack-teen-coaching","status":"publish","type":"product","link":"https:\/\/topsuccesstools.com\/pt-pt\/pt-shop\/coaching-pt\/presencial\/pack-teen-coaching\/","title":{"rendered":"Package &#8220;Teen-Coaching&#8221;"},"content":{"rendered":"<div class=\"wpb-content-wrapper\"><p>[vc_row content_placement=&#8221;top&#8221;][vc_column width=&#8221;1\/4&#8243; css=&#8221;.vc_custom_1456154147184{padding-top: 30px !important;padding-bottom: 30px !important;}&#8221;][\/vc_column][vc_column width=&#8221;3\/4&#8243;][vc_custom_heading text=&#8221;Package &#8220;Teen Coaching&#8220;&#8221; font_container=&#8221;tag:h2|text_align:left|color:%23d0a747&#8243; use_theme_fonts=&#8221;yes&#8221;][vc_custom_heading text=&#8221;6 Sess\u00f5es Presenciais de Results Coaching&#8221; font_container=&#8221;tag:h3|text_align:left|color:%23000000&#8243; use_theme_fonts=&#8221;yes&#8221;][vc_column_text]<\/p>\n<p>O <strong>\u201cTeen-Coaching\u201d<\/strong> \u00e9 uma modalidade de <strong><em>Results Coaching<\/em><\/strong> espec\u00edficamente adaptada a Jovens entre os 13 e os 21 anos, que querem, conhecer-se melhor, ultrapassar desafios pessoais, descobrir os seus Recursos naturais, desenvolver novos Recursos e Capacidades (Emocionais, Cognitivas e Comportamentais) fazer uma mudan\u00e7a real e profunda na Sua Vida, ganhando uma nova Consci\u00eancia do seu Potencial, novas perspectivas, encontrar estrat\u00e9gias pr\u00e1ticas para o atingir os Resultados que pretende, e garantir que esta transforma\u00e7\u00e3o se mant\u00e9m ap\u00f3s o seu Processo de Coaching, ganhando uma maior consci\u00eancia do que o\/a Motiva Consciente e Inconscientemente.<\/p>\n<p>\u00c9 um dos nosso pacotes que \u00e9 muito solicitado porque, as transforma\u00e7\u00f5es s\u00e3o evidentes e muito compensadoras para os Jovens, e tamb\u00e9m para as rela\u00e7\u00f5es mais pr\u00f3ximas (Pais, Amigos, etc).<\/p>\n<p>N\u00e3o importa se voc\u00ea sabe exactamente o que quer mudar, ou se apenas sabe que quer que a Sua Vida seja Diferente. Esta op\u00e7\u00e3o d\u00e1-nos tempo suficiente para chegarmos \u00e1 raiz da quest\u00e3o, num ambiente seguro e de grande cumplicidade de Equipa, dar-lhe as ferramentas necess\u00e1rias que precisa para fazer acontecer essas mudan\u00e7as importantes na sua vida, e implementa-las de forma duradoura!<br \/>\n\u00c9 apenas necess\u00e1rio estar disposto\/a a fazer um trabalho pessoal intenso para atingir rapidamente Resultados, e ter disponibilidade para ter sess\u00f5es presenciais em Lisboa.[\/vc_column_text][\/vc_column][\/vc_row][vc_row][vc_column width=&#8221;1\/4&#8243;][vc_single_image image=&#8221;240&#8243; img_size=&#8221;full&#8221; alignment=&#8221;center&#8221; css=&#8221;.vc_custom_1460469214617{padding-right: 50px !important;padding-left: 50px !important;}&#8221;][\/vc_column][vc_column width=&#8221;3\/4&#8243;][vc_column_text]Inclui:<\/p>\n<ul>\n<li>6 Sess\u00f5es x 60 min de <strong><em>Results Coaching<\/em><\/strong><br \/>\n(Previamente agendadas)<\/li>\n<li>Material de Apoio e Suporte via email durante o Per\u00edodo das Sess\u00f5es<\/li>\n<li>\u201cPower Session Form\u201d de Preenchimento on-line at\u00e9 24h antes de cada Sess\u00e3o.<\/li>\n<\/ul>\n<p>[\/vc_column_text][\/vc_column][\/vc_row][vc_row content_placement=&#8221;middle&#8221; css=&#8221;.vc_custom_1458029090555{background-color: #d0a747 !important;}&#8221;][vc_column css=&#8221;.vc_custom_1459741788620{padding-top: 10px !important;padding-right: 20px !important;padding-bottom: 0px !important;padding-left: 20px !important;}&#8221;][vc_column_text]<\/p>\n<p><strong>NOTAS:<\/strong><\/p>\n<ul>\n<li><span style=\"color: #ffffff;\"><strong>Aten\u00e7\u00e3o:<\/strong> Por quest\u00f5es log\u00edsticas apenas posso aceitar um n\u00famero limitado de Clientes &#8220;Teen-Coaching&#8221; por isso preencha este formul\u00e1rio e verifique a disponibilidade.<\/span><\/li>\n<\/ul>\n<p>[\/vc_column_text][\/vc_column][\/vc_row]<\/p>\n<\/div>","protected":false},"excerpt":{"rendered":"<p>aprox. $ 1050,00<br \/>\naprox. \u00a3 833,00<br \/>\n<img loading=\"lazy\" decoding=\"async\" class=\"alignleft wp-image-175\" src=\"https:\/\/topsuccesstools.com\/wp-content\/uploads\/2016\/02\/in-person-150x150.png\" alt=\"Anywhere you are in the World\" width=\"50\" height=\"50\" \/><\/p>\n<p><span style=\"color: #222222;\">Dominar o Presente e Escolher o Seu Futuro<\/span>\u2026<span style=\"color: #222222;\">\u00a0Comece Agora!<br \/>\n<span style=\"color: #000000;\">Conhe\u00e7a-se e Atinja Todo o Seu Potencial!!!<\/span><br \/>\n<\/span><\/p>\n","protected":false},"featured_media":262,"template":"","meta":[],"product_brand":[],"product_cat":[41],"product_tag":[],"class_list":{"0":"post-289","1":"product","2":"type-product","3":"status-publish","4":"has-post-thumbnail","6":"product_cat-presencial","7":"pa_sessions-seis-sessoes","9":"first","10":"instock","11":"taxable","12":"shipping-taxable","13":"purchasable","14":"product-type-simple"},"yoast_head":"<!-- This site is optimized with the Yoast SEO plugin v27.2 - https:\/\/yoast.com\/product\/yoast-seo-wordpress\/ -->\n<title>Package &quot;Teen-Coaching&quot; - Top Success Tools!<\/title>\n<meta name=\"robots\" content=\"index, follow, max-snippet:-1, max-image-preview:large, max-video-preview:-1\" \/>\n<link rel=\"canonical\" href=\"https:\/\/topsuccesstools.com\/pt-pt\/pt-shop\/coaching-pt\/presencial\/pack-teen-coaching\/\" \/>\n<meta property=\"og:locale\" content=\"pt_PT\" \/>\n<meta property=\"og:type\" content=\"article\" \/>\n<meta property=\"og:title\" content=\"Package &quot;Teen-Coaching&quot; - Top Success Tools!\" \/>\n<meta property=\"og:description\" content=\"aprox. $ 1050,00 aprox. \u00a3 833,00   Dominar o Presente e Escolher o Seu Futuro\u2026\u00a0Comece Agora! Conhe\u00e7a-se e Atinja Todo o Seu Potencial!!!\" \/>\n<meta property=\"og:url\" content=\"https:\/\/topsuccesstools.com\/pt-pt\/pt-shop\/coaching-pt\/presencial\/pack-teen-coaching\/\" \/>\n<meta property=\"og:site_name\" content=\"Top Success Tools!\" \/>\n<meta property=\"article:modified_time\" content=\"2023-08-23T12:13:14+00:00\" \/>\n<meta property=\"og:image\" content=\"https:\/\/topsuccesstools.com\/wp-content\/uploads\/2016\/03\/selo-Teen.png\" \/>\n\t<meta property=\"og:image:width\" content=\"650\" \/>\n\t<meta property=\"og:image:height\" content=\"650\" \/>\n\t<meta property=\"og:image:type\" content=\"image\/png\" \/>\n<meta name=\"twitter:card\" content=\"summary_large_image\" \/>\n<script type=\"application\/ld+json\" class=\"yoast-schema-graph\">{\"@context\":\"https:\/\/schema.org\",\"@graph\":[{\"@type\":\"WebPage\",\"@id\":\"https:\/\/topsuccesstools.com\/pt-pt\/pt-shop\/coaching-pt\/presencial\/pack-teen-coaching\/\",\"url\":\"https:\/\/topsuccesstools.com\/pt-pt\/pt-shop\/coaching-pt\/presencial\/pack-teen-coaching\/\",\"name\":\"Package \\\"Teen-Coaching\\\" - Top Success Tools!\",\"isPartOf\":{\"@id\":\"https:\/\/topsuccesstools.com\/#website\"},\"primaryImageOfPage\":{\"@id\":\"https:\/\/topsuccesstools.com\/pt-pt\/pt-shop\/coaching-pt\/presencial\/pack-teen-coaching\/#primaryimage\"},\"image\":{\"@id\":\"https:\/\/topsuccesstools.com\/pt-pt\/pt-shop\/coaching-pt\/presencial\/pack-teen-coaching\/#primaryimage\"},\"thumbnailUrl\":\"https:\/\/topsuccesstools.com\/wp-content\/uploads\/2016\/03\/selo-Teen.png\",\"datePublished\":\"2016-02-04T15:01:25+00:00\",\"dateModified\":\"2023-08-23T12:13:14+00:00\",\"breadcrumb\":{\"@id\":\"https:\/\/topsuccesstools.com\/pt-pt\/pt-shop\/coaching-pt\/presencial\/pack-teen-coaching\/#breadcrumb\"},\"inLanguage\":\"pt-PT\",\"potentialAction\":[{\"@type\":\"ReadAction\",\"target\":[\"https:\/\/topsuccesstools.com\/pt-pt\/pt-shop\/coaching-pt\/presencial\/pack-teen-coaching\/\"]}]},{\"@type\":\"ImageObject\",\"inLanguage\":\"pt-PT\",\"@id\":\"https:\/\/topsuccesstools.com\/pt-pt\/pt-shop\/coaching-pt\/presencial\/pack-teen-coaching\/#primaryimage\",\"url\":\"https:\/\/topsuccesstools.com\/wp-content\/uploads\/2016\/03\/selo-Teen.png\",\"contentUrl\":\"https:\/\/topsuccesstools.com\/wp-content\/uploads\/2016\/03\/selo-Teen.png\",\"width\":650,\"height\":650},{\"@type\":\"BreadcrumbList\",\"@id\":\"https:\/\/topsuccesstools.com\/pt-pt\/pt-shop\/coaching-pt\/presencial\/pack-teen-coaching\/#breadcrumb\",\"itemListElement\":[{\"@type\":\"ListItem\",\"position\":1,\"name\":\"Home\",\"item\":\"https:\/\/topsuccesstools.com\/\"},{\"@type\":\"ListItem\",\"position\":2,\"name\":\"Shop\",\"item\":\"https:\/\/topsuccesstools.com\/shop\/\"},{\"@type\":\"ListItem\",\"position\":3,\"name\":\"Package &#8220;Teen-Coaching&#8221;\"}]},{\"@type\":\"WebSite\",\"@id\":\"https:\/\/topsuccesstools.com\/#website\",\"url\":\"https:\/\/topsuccesstools.com\/\",\"name\":\"Top Success Tools!\",\"description\":\"Become the best version of Yourself!\",\"publisher\":{\"@id\":\"https:\/\/topsuccesstools.com\/#organization\"},\"potentialAction\":[{\"@type\":\"SearchAction\",\"target\":{\"@type\":\"EntryPoint\",\"urlTemplate\":\"https:\/\/topsuccesstools.com\/?s={search_term_string}\"},\"query-input\":{\"@type\":\"PropertyValueSpecification\",\"valueRequired\":true,\"valueName\":\"search_term_string\"}}],\"inLanguage\":\"pt-PT\"},{\"@type\":\"Organization\",\"@id\":\"https:\/\/topsuccesstools.com\/#organization\",\"name\":\"Top Success Tools\",\"url\":\"https:\/\/topsuccesstools.com\/\",\"logo\":{\"@type\":\"ImageObject\",\"inLanguage\":\"pt-PT\",\"@id\":\"https:\/\/topsuccesstools.com\/#\/schema\/logo\/image\/\",\"url\":\"http:\/\/topsuccesstools.com\/wp-content\/uploads\/2016\/03\/logoheader-2.jpg\",\"contentUrl\":\"http:\/\/topsuccesstools.com\/wp-content\/uploads\/2016\/03\/logoheader-2.jpg\",\"width\":1200,\"height\":463,\"caption\":\"Top Success Tools\"},\"image\":{\"@id\":\"https:\/\/topsuccesstools.com\/#\/schema\/logo\/image\/\"}}]}<\/script>\n<!-- \/ Yoast SEO plugin. -->","yoast_head_json":{"title":"Package \"Teen-Coaching\" - Top Success Tools!","robots":{"index":"index","follow":"follow","max-snippet":"max-snippet:-1","max-image-preview":"max-image-preview:large","max-video-preview":"max-video-preview:-1"},"canonical":"https:\/\/topsuccesstools.com\/pt-pt\/pt-shop\/coaching-pt\/presencial\/pack-teen-coaching\/","og_locale":"pt_PT","og_type":"article","og_title":"Package \"Teen-Coaching\" - Top Success Tools!","og_description":"aprox. $ 1050,00 aprox. \u00a3 833,00   Dominar o Presente e Escolher o Seu Futuro\u2026\u00a0Comece Agora! Conhe\u00e7a-se e Atinja Todo o Seu Potencial!!!","og_url":"https:\/\/topsuccesstools.com\/pt-pt\/pt-shop\/coaching-pt\/presencial\/pack-teen-coaching\/","og_site_name":"Top Success Tools!","article_modified_time":"2023-08-23T12:13:14+00:00","og_image":[{"width":650,"height":650,"url":"https:\/\/topsuccesstools.com\/wp-content\/uploads\/2016\/03\/selo-Teen.png","type":"image\/png"}],"twitter_card":"summary_large_image","schema":{"@context":"https:\/\/schema.org","@graph":[{"@type":"WebPage","@id":"https:\/\/topsuccesstools.com\/pt-pt\/pt-shop\/coaching-pt\/presencial\/pack-teen-coaching\/","url":"https:\/\/topsuccesstools.com\/pt-pt\/pt-shop\/coaching-pt\/presencial\/pack-teen-coaching\/","name":"Package \"Teen-Coaching\" - Top Success Tools!","isPartOf":{"@id":"https:\/\/topsuccesstools.com\/#website"},"primaryImageOfPage":{"@id":"https:\/\/topsuccesstools.com\/pt-pt\/pt-shop\/coaching-pt\/presencial\/pack-teen-coaching\/#primaryimage"},"image":{"@id":"https:\/\/topsuccesstools.com\/pt-pt\/pt-shop\/coaching-pt\/presencial\/pack-teen-coaching\/#primaryimage"},"thumbnailUrl":"https:\/\/topsuccesstools.com\/wp-content\/uploads\/2016\/03\/selo-Teen.png","datePublished":"2016-02-04T15:01:25+00:00","dateModified":"2023-08-23T12:13:14+00:00","breadcrumb":{"@id":"https:\/\/topsuccesstools.com\/pt-pt\/pt-shop\/coaching-pt\/presencial\/pack-teen-coaching\/#breadcrumb"},"inLanguage":"pt-PT","potentialAction":[{"@type":"ReadAction","target":["https:\/\/topsuccesstools.com\/pt-pt\/pt-shop\/coaching-pt\/presencial\/pack-teen-coaching\/"]}]},{"@type":"ImageObject","inLanguage":"pt-PT","@id":"https:\/\/topsuccesstools.com\/pt-pt\/pt-shop\/coaching-pt\/presencial\/pack-teen-coaching\/#primaryimage","url":"https:\/\/topsuccesstools.com\/wp-content\/uploads\/2016\/03\/selo-Teen.png","contentUrl":"https:\/\/topsuccesstools.com\/wp-content\/uploads\/2016\/03\/selo-Teen.png","width":650,"height":650},{"@type":"BreadcrumbList","@id":"https:\/\/topsuccesstools.com\/pt-pt\/pt-shop\/coaching-pt\/presencial\/pack-teen-coaching\/#breadcrumb","itemListElement":[{"@type":"ListItem","position":1,"name":"Home","item":"https:\/\/topsuccesstools.com\/"},{"@type":"ListItem","position":2,"name":"Shop","item":"https:\/\/topsuccesstools.com\/shop\/"},{"@type":"ListItem","position":3,"name":"Package &#8220;Teen-Coaching&#8221;"}]},{"@type":"WebSite","@id":"https:\/\/topsuccesstools.com\/#website","url":"https:\/\/topsuccesstools.com\/","name":"Top Success Tools!","description":"Become the best version of Yourself!","publisher":{"@id":"https:\/\/topsuccesstools.com\/#organization"},"potentialAction":[{"@type":"SearchAction","target":{"@type":"EntryPoint","urlTemplate":"https:\/\/topsuccesstools.com\/?s={search_term_string}"},"query-input":{"@type":"PropertyValueSpecification","valueRequired":true,"valueName":"search_term_string"}}],"inLanguage":"pt-PT"},{"@type":"Organization","@id":"https:\/\/topsuccesstools.com\/#organization","name":"Top Success Tools","url":"https:\/\/topsuccesstools.com\/","logo":{"@type":"ImageObject","inLanguage":"pt-PT","@id":"https:\/\/topsuccesstools.com\/#\/schema\/logo\/image\/","url":"http:\/\/topsuccesstools.com\/wp-content\/uploads\/2016\/03\/logoheader-2.jpg","contentUrl":"http:\/\/topsuccesstools.com\/wp-content\/uploads\/2016\/03\/logoheader-2.jpg","width":1200,"height":463,"caption":"Top Success Tools"},"image":{"@id":"https:\/\/topsuccesstools.com\/#\/schema\/logo\/image\/"}}]}},"_links":{"self":[{"href":"https:\/\/topsuccesstools.com\/pt-pt\/wp-json\/wp\/v2\/product\/289","targetHints":{"allow":["GET"]}}],"collection":[{"href":"https:\/\/topsuccesstools.com\/pt-pt\/wp-json\/wp\/v2\/product"}],"about":[{"href":"https:\/\/topsuccesstools.com\/pt-pt\/wp-json\/wp\/v2\/types\/product"}],"wp:featuredmedia":[{"embeddable":true,"href":"https:\/\/topsuccesstools.com\/pt-pt\/wp-json\/wp\/v2\/media\/262"}],"wp:attachment":[{"href":"https:\/\/topsuccesstools.com\/pt-pt\/wp-json\/wp\/v2\/media?parent=289"}],"wp:term":[{"taxonomy":"product_brand","embeddable":true,"href":"https:\/\/topsuccesstools.com\/pt-pt\/wp-json\/wp\/v2\/product_brand?post=289"},{"taxonomy":"product_cat","embeddable":true,"href":"https:\/\/topsuccesstools.com\/pt-pt\/wp-json\/wp\/v2\/product_cat?post=289"},{"taxonomy":"product_tag","embeddable":true,"href":"https:\/\/topsuccesstools.com\/pt-pt\/wp-json\/wp\/v2\/product_tag?post=289"}],"curies":[{"name":"wp","href":"https:\/\/api.w.org\/{rel}","templated":true}]}}