{"id":292,"date":"2016-03-01T14:05:00","date_gmt":"2016-03-01T14:05:00","guid":{"rendered":"http:\/\/topsuccesstools.com\/shop\/uncategorized\/pack-ultra-vip\/"},"modified":"2023-08-23T12:43:21","modified_gmt":"2023-08-23T12:43:21","slug":"pack-ultra-vip","status":"publish","type":"product","link":"https:\/\/topsuccesstools.com\/pt-pt\/pt-shop\/coaching-pt\/sessoes-online\/pack-ultra-vip\/","title":{"rendered":"Package &#8220;Ultra VIP&#8221;"},"content":{"rendered":"<div class=\"wpb-content-wrapper\"><p>[vc_row content_placement=&#8221;top&#8221;][vc_column width=&#8221;1\/4&#8243; css=&#8221;.vc_custom_1456154147184{padding-top: 30px !important;padding-bottom: 30px !important;}&#8221;][\/vc_column][vc_column width=&#8221;3\/4&#8243;][vc_custom_heading text=&#8221;Package &#8220;Ultra VIP&#8220;&#8221; font_container=&#8221;tag:h2|text_align:left|color:%23d0a747&#8243; use_theme_fonts=&#8221;yes&#8221;][vc_custom_heading text=&#8221;28 Sess\u00f5es de Results Coaching&#8221; font_container=&#8221;tag:h3|text_align:left|color:%23000000&#8243; use_theme_fonts=&#8221;yes&#8221;][vc_column_text]<\/p>\n<p><strong>Acesso (quase) ilimitado durante 1 Ano inteiro!<\/strong><\/p>\n<p>Esta op\u00e7\u00e3o \u00e9 para quem quer construir uma rela\u00e7\u00e3o de progresso e continuidade com uma \u201cInternational Results Coach\u201d com grande experi\u00eancia, e poder trabalhar continuamente m\u00faltiplas \u00e1reas, num ambiente seguro e de grande cumplicidade de Equipa.<\/p>\n<p>Um processo anual permite-nos construir uma parcer\u00eda de confian\u00e7a extraordin\u00e1ria e atacarmos qualquer assunto que surja agora, ou que j\u00e1 venha de longe, e que talvez seja o que o est\u00e1 a impedir de atingir plenamente o seu Potencial.[\/vc_column_text][\/vc_column][\/vc_row][vc_row][vc_column width=&#8221;1\/4&#8243;][vc_single_image image=&#8221;240&#8243; img_size=&#8221;full&#8221; alignment=&#8221;center&#8221; css=&#8221;.vc_custom_1460469214617{padding-right: 50px !important;padding-left: 50px !important;}&#8221;][\/vc_column][vc_column width=&#8221;3\/4&#8243;][vc_column_text]<strong>Inclui:<\/strong><\/p>\n<ul>\n<li>At\u00e9 um m\u00e1ximo de 30 Sess\u00f5es de <strong><em>Elite Results Coaching<\/em><\/strong> num per\u00edodo de 12 meses.<\/li>\n<li>Sess\u00f5es com dura\u00e7\u00e3o m\u00e1xima de 75 min &#8211; em cada Sess\u00e3o faremos o que for necess\u00e1rio para o fazer progredir nesse dia. Podem ser 10 minutos, ou pode ser a totalidade do tempo!<\/li>\n<li>(Online ou via WhatApp e que ter\u00e3o que ser previamente agendadas)<\/li>\n<li>\u201cPower Session Form\u201d de Preenchimento On-line at\u00e9 24h antes de cada Sess\u00e3o.<\/li>\n<li>Material de Apoio e Suporte via email durante o Per\u00edodo das Sess\u00f5es.<\/li>\n<li>&#8220;Full Support &amp; Personal Access&#8221; &#8211; Possibilidade de me contactar entre sess\u00f5es caso algo Urgente surja.<\/li>\n<\/ul>\n<p>[\/vc_column_text][\/vc_column][\/vc_row][vc_row][vc_column][vc_column_text css=&#8221;.vc_custom_1457081677313{padding-top: 30px !important;}&#8221;]<\/p>\n<p><strong>Exemplos de t\u00f3picos em que possa querer ajuda:<\/strong><\/p>\n<ul>\n<li>A sentir-se desbloqueado e a conseguir definir estrat\u00e9gias de sucesso adequadas a cada caso, quer na vida pessoal como profissional.<\/li>\n<li>Descobrir os seus Valores Vitais e quais as suas Reais Prioridades.<\/li>\n<li>Descodificar o que o Motiva e quais os seus Sabotadores Sub-conscientesnconscientes.<\/li>\n<li>A integrar os seus Valores Pessoais no seu Neg\u00f3cio\/Empresa de forma a sentir-se motivado e preenchido profissionalmente.<\/li>\n<li>Ajuda em termos de Responsabilidade, Suporte e Acompanhamento e ter algu\u00e9m isento e que apenas zela pelo seu interesse \u2013 \u00c9 sempre mais dif\u00edcil quando estamos s\u00f3zinhos e n\u00e3o temos quem nos direccione ou nos traga de volta ao percurso que definimos para garantir os Objectivos.<\/li>\n<li>Ter algu\u00e9m com quem possa testar ideias e ganhar consci\u00eancia de diferentes perspectivas.<\/li>\n<li>Gerir situa\u00e7\u00f5es de Stress e equilibrar a Vida Pessoal\/Profissional.<\/li>\n<li>Gerir Relacionamentos ou Dificuldades de Comunica\u00e7\u00e3o.<\/li>\n<li>Ultrapassar Medos e Bloqueios.<\/li>\n<li>Ganhar uma maior consci\u00eancia de si mesmo e desenvolver Recursos Mentais, Emocionais e Espirituais.<\/li>\n<li>Modifica\u00e7\u00e3o e implementa\u00e7\u00e3o de novos H\u00e1bitos ou Padr\u00f5es de Comportamento.<\/li>\n<li>Ter acesso a &#8220;ferramentas&#8221; pr\u00e1ticas para utiliza\u00e7\u00e3o no dia-a-dia ou quando precisar delas.<\/li>\n<\/ul>\n<p>[\/vc_column_text][\/vc_column][\/vc_row][vc_row gap=&#8221;35&#8243; css=&#8221;.vc_custom_1457867446946{background-color: #d0a747 !important;}&#8221;][vc_column css=&#8221;.vc_custom_1459744947752{padding-top: 10px !important;padding-right: 20px !important;padding-bottom: 0px !important;padding-left: 20px !important;}&#8221;][vc_column_text]<\/p>\n<p style=\"color: #000;\"><strong>NOTAS:<\/strong><\/p>\n<ul>\n<li><span style=\"color: #fff;\">ATEN\u00c7\u00c3O: Apenas aceito 4 Clientes <strong>\u201cUltra VIP\u201d<\/strong> por ano por isso preencha este formul\u00e1rio e verifique a disponibilidade.<\/span><\/li>\n<\/ul>\n<p>[\/vc_column_text][\/vc_column][\/vc_row]<\/p>\n<\/div>","protected":false},"excerpt":{"rendered":"<p>aprox. $ 15 640,00<br \/>\naprox. \u00a3 12 390,00<br \/>\n<img loading=\"lazy\" decoding=\"async\" class=\"alignleft wp-image-175\" src=\"https:\/\/topsuccesstools.com\/wp-content\/uploads\/2016\/01\/offline-150x150.png\" alt=\"Anywhere you are in the World\" width=\"50\" height=\"50\" srcset=\"https:\/\/topsuccesstools.com\/wp-content\/uploads\/2016\/01\/offline-150x150.png 150w, https:\/\/topsuccesstools.com\/wp-content\/uploads\/2016\/01\/offline-146x146.png 146w, https:\/\/topsuccesstools.com\/wp-content\/uploads\/2016\/01\/offline-50x50.png 50w, https:\/\/topsuccesstools.com\/wp-content\/uploads\/2016\/01\/offline-80x80.png 80w, https:\/\/topsuccesstools.com\/wp-content\/uploads\/2016\/01\/offline-75x75.png 75w, https:\/\/topsuccesstools.com\/wp-content\/uploads\/2016\/01\/offline-85x85.png 85w, https:\/\/topsuccesstools.com\/wp-content\/uploads\/2016\/01\/offline-200x200.png 200w, https:\/\/topsuccesstools.com\/wp-content\/uploads\/2016\/01\/offline.png 295w\" sizes=\"auto, (max-width:767px) 50px, 50px\" \/><\/p>\n<p><span style=\"color: #000000;\"><span style=\"color: #222222;\">Porque VOC\u00ca Merece o Melhor<\/span>\u2026<span style=\"color: #222222;\">\u00a0Comece Agora!<br \/>\nOfere\u00e7a-se a Si Pr\u00f3prio o Presente de 1 Ano de\u00a0\u201cResults Coaching\u201d&#8230;<br \/>\ne Este Ser\u00e1 um Ano \u00c9pico na Sua Vida!!!<br \/>\n<\/span><\/span><\/p>\n","protected":false},"featured_media":188,"template":"","meta":[],"product_brand":[],"product_cat":[14],"product_tag":[],"class_list":{"0":"post-292","1":"product","2":"type-product","3":"status-publish","4":"has-post-thumbnail","6":"product_cat-sessoes-online","7":"pa_duration-doze-meses","8":"pa_sessions-vinte-oito-sessoes","10":"first","11":"instock","12":"virtual","13":"taxable","14":"purchasable","15":"product-type-simple"},"yoast_head":"<!-- This site is optimized with the Yoast SEO plugin v27.2 - https:\/\/yoast.com\/product\/yoast-seo-wordpress\/ -->\n<title>Package &quot;Ultra VIP&quot; - Top Success Tools!<\/title>\n<meta name=\"description\" content=\"Porque VOC\u00ca Merece o Melhor\u2026 Comece Agora! Ofere\u00e7a-se a Si Pr\u00f3prio o Presente de 1 Ano de \u201cResults Coaching\u201d\u2026\" \/>\n<meta name=\"robots\" content=\"index, follow, max-snippet:-1, max-image-preview:large, max-video-preview:-1\" \/>\n<link rel=\"canonical\" href=\"https:\/\/topsuccesstools.com\/pt-pt\/pt-shop\/coaching-pt\/sessoes-online\/pack-ultra-vip\/\" \/>\n<meta property=\"og:locale\" content=\"pt_PT\" \/>\n<meta property=\"og:type\" content=\"article\" \/>\n<meta property=\"og:title\" content=\"Package &quot;Ultra VIP&quot; - Top Success Tools!\" \/>\n<meta property=\"og:description\" content=\"Porque VOC\u00ca Merece o Melhor\u2026 Comece Agora! Ofere\u00e7a-se a Si Pr\u00f3prio o Presente de 1 Ano de \u201cResults Coaching\u201d\u2026\" \/>\n<meta property=\"og:url\" content=\"https:\/\/topsuccesstools.com\/pt-pt\/pt-shop\/coaching-pt\/sessoes-online\/pack-ultra-vip\/\" \/>\n<meta property=\"og:site_name\" content=\"Top Success Tools!\" \/>\n<meta property=\"article:modified_time\" content=\"2023-08-23T12:43:21+00:00\" \/>\n<meta property=\"og:image\" content=\"https:\/\/topsuccesstools.com\/wp-content\/uploads\/2016\/02\/selo-UltraVIP.png\" \/>\n\t<meta property=\"og:image:width\" content=\"650\" \/>\n\t<meta property=\"og:image:height\" content=\"650\" \/>\n\t<meta property=\"og:image:type\" content=\"image\/png\" \/>\n<meta name=\"twitter:card\" content=\"summary_large_image\" \/>\n<script type=\"application\/ld+json\" class=\"yoast-schema-graph\">{\"@context\":\"https:\/\/schema.org\",\"@graph\":[{\"@type\":\"WebPage\",\"@id\":\"https:\/\/topsuccesstools.com\/pt-pt\/pt-shop\/coaching-pt\/sessoes-online\/pack-ultra-vip\/\",\"url\":\"https:\/\/topsuccesstools.com\/pt-pt\/pt-shop\/coaching-pt\/sessoes-online\/pack-ultra-vip\/\",\"name\":\"Package \\\"Ultra VIP\\\" - Top Success Tools!\",\"isPartOf\":{\"@id\":\"https:\/\/topsuccesstools.com\/#website\"},\"primaryImageOfPage\":{\"@id\":\"https:\/\/topsuccesstools.com\/pt-pt\/pt-shop\/coaching-pt\/sessoes-online\/pack-ultra-vip\/#primaryimage\"},\"image\":{\"@id\":\"https:\/\/topsuccesstools.com\/pt-pt\/pt-shop\/coaching-pt\/sessoes-online\/pack-ultra-vip\/#primaryimage\"},\"thumbnailUrl\":\"https:\/\/topsuccesstools.com\/wp-content\/uploads\/2016\/02\/selo-UltraVIP.png\",\"datePublished\":\"2016-03-01T14:05:00+00:00\",\"dateModified\":\"2023-08-23T12:43:21+00:00\",\"description\":\"Porque VOC\u00ca Merece o Melhor\u2026 Comece Agora! Ofere\u00e7a-se a Si Pr\u00f3prio o Presente de 1 Ano de \u201cResults Coaching\u201d\u2026\",\"breadcrumb\":{\"@id\":\"https:\/\/topsuccesstools.com\/pt-pt\/pt-shop\/coaching-pt\/sessoes-online\/pack-ultra-vip\/#breadcrumb\"},\"inLanguage\":\"pt-PT\",\"potentialAction\":[{\"@type\":\"ReadAction\",\"target\":[\"https:\/\/topsuccesstools.com\/pt-pt\/pt-shop\/coaching-pt\/sessoes-online\/pack-ultra-vip\/\"]}]},{\"@type\":\"ImageObject\",\"inLanguage\":\"pt-PT\",\"@id\":\"https:\/\/topsuccesstools.com\/pt-pt\/pt-shop\/coaching-pt\/sessoes-online\/pack-ultra-vip\/#primaryimage\",\"url\":\"https:\/\/topsuccesstools.com\/wp-content\/uploads\/2016\/02\/selo-UltraVIP.png\",\"contentUrl\":\"https:\/\/topsuccesstools.com\/wp-content\/uploads\/2016\/02\/selo-UltraVIP.png\",\"width\":650,\"height\":650},{\"@type\":\"BreadcrumbList\",\"@id\":\"https:\/\/topsuccesstools.com\/pt-pt\/pt-shop\/coaching-pt\/sessoes-online\/pack-ultra-vip\/#breadcrumb\",\"itemListElement\":[{\"@type\":\"ListItem\",\"position\":1,\"name\":\"Home\",\"item\":\"https:\/\/topsuccesstools.com\/\"},{\"@type\":\"ListItem\",\"position\":2,\"name\":\"Shop\",\"item\":\"https:\/\/topsuccesstools.com\/shop\/\"},{\"@type\":\"ListItem\",\"position\":3,\"name\":\"Package &#8220;Ultra VIP&#8221;\"}]},{\"@type\":\"WebSite\",\"@id\":\"https:\/\/topsuccesstools.com\/#website\",\"url\":\"https:\/\/topsuccesstools.com\/\",\"name\":\"Top Success Tools!\",\"description\":\"Become the best version of Yourself!\",\"publisher\":{\"@id\":\"https:\/\/topsuccesstools.com\/#organization\"},\"potentialAction\":[{\"@type\":\"SearchAction\",\"target\":{\"@type\":\"EntryPoint\",\"urlTemplate\":\"https:\/\/topsuccesstools.com\/?s={search_term_string}\"},\"query-input\":{\"@type\":\"PropertyValueSpecification\",\"valueRequired\":true,\"valueName\":\"search_term_string\"}}],\"inLanguage\":\"pt-PT\"},{\"@type\":\"Organization\",\"@id\":\"https:\/\/topsuccesstools.com\/#organization\",\"name\":\"Top Success Tools\",\"url\":\"https:\/\/topsuccesstools.com\/\",\"logo\":{\"@type\":\"ImageObject\",\"inLanguage\":\"pt-PT\",\"@id\":\"https:\/\/topsuccesstools.com\/#\/schema\/logo\/image\/\",\"url\":\"http:\/\/topsuccesstools.com\/wp-content\/uploads\/2016\/03\/logoheader-2.jpg\",\"contentUrl\":\"http:\/\/topsuccesstools.com\/wp-content\/uploads\/2016\/03\/logoheader-2.jpg\",\"width\":1200,\"height\":463,\"caption\":\"Top Success Tools\"},\"image\":{\"@id\":\"https:\/\/topsuccesstools.com\/#\/schema\/logo\/image\/\"}}]}<\/script>\n<!-- \/ Yoast SEO plugin. -->","yoast_head_json":{"title":"Package \"Ultra VIP\" - Top Success Tools!","description":"Porque VOC\u00ca Merece o Melhor\u2026 Comece Agora! Ofere\u00e7a-se a Si Pr\u00f3prio o Presente de 1 Ano de \u201cResults Coaching\u201d\u2026","robots":{"index":"index","follow":"follow","max-snippet":"max-snippet:-1","max-image-preview":"max-image-preview:large","max-video-preview":"max-video-preview:-1"},"canonical":"https:\/\/topsuccesstools.com\/pt-pt\/pt-shop\/coaching-pt\/sessoes-online\/pack-ultra-vip\/","og_locale":"pt_PT","og_type":"article","og_title":"Package \"Ultra VIP\" - Top Success Tools!","og_description":"Porque VOC\u00ca Merece o Melhor\u2026 Comece Agora! Ofere\u00e7a-se a Si Pr\u00f3prio o Presente de 1 Ano de \u201cResults Coaching\u201d\u2026","og_url":"https:\/\/topsuccesstools.com\/pt-pt\/pt-shop\/coaching-pt\/sessoes-online\/pack-ultra-vip\/","og_site_name":"Top Success Tools!","article_modified_time":"2023-08-23T12:43:21+00:00","og_image":[{"width":650,"height":650,"url":"https:\/\/topsuccesstools.com\/wp-content\/uploads\/2016\/02\/selo-UltraVIP.png","type":"image\/png"}],"twitter_card":"summary_large_image","schema":{"@context":"https:\/\/schema.org","@graph":[{"@type":"WebPage","@id":"https:\/\/topsuccesstools.com\/pt-pt\/pt-shop\/coaching-pt\/sessoes-online\/pack-ultra-vip\/","url":"https:\/\/topsuccesstools.com\/pt-pt\/pt-shop\/coaching-pt\/sessoes-online\/pack-ultra-vip\/","name":"Package \"Ultra VIP\" - Top Success Tools!","isPartOf":{"@id":"https:\/\/topsuccesstools.com\/#website"},"primaryImageOfPage":{"@id":"https:\/\/topsuccesstools.com\/pt-pt\/pt-shop\/coaching-pt\/sessoes-online\/pack-ultra-vip\/#primaryimage"},"image":{"@id":"https:\/\/topsuccesstools.com\/pt-pt\/pt-shop\/coaching-pt\/sessoes-online\/pack-ultra-vip\/#primaryimage"},"thumbnailUrl":"https:\/\/topsuccesstools.com\/wp-content\/uploads\/2016\/02\/selo-UltraVIP.png","datePublished":"2016-03-01T14:05:00+00:00","dateModified":"2023-08-23T12:43:21+00:00","description":"Porque VOC\u00ca Merece o Melhor\u2026 Comece Agora! Ofere\u00e7a-se a Si Pr\u00f3prio o Presente de 1 Ano de \u201cResults Coaching\u201d\u2026","breadcrumb":{"@id":"https:\/\/topsuccesstools.com\/pt-pt\/pt-shop\/coaching-pt\/sessoes-online\/pack-ultra-vip\/#breadcrumb"},"inLanguage":"pt-PT","potentialAction":[{"@type":"ReadAction","target":["https:\/\/topsuccesstools.com\/pt-pt\/pt-shop\/coaching-pt\/sessoes-online\/pack-ultra-vip\/"]}]},{"@type":"ImageObject","inLanguage":"pt-PT","@id":"https:\/\/topsuccesstools.com\/pt-pt\/pt-shop\/coaching-pt\/sessoes-online\/pack-ultra-vip\/#primaryimage","url":"https:\/\/topsuccesstools.com\/wp-content\/uploads\/2016\/02\/selo-UltraVIP.png","contentUrl":"https:\/\/topsuccesstools.com\/wp-content\/uploads\/2016\/02\/selo-UltraVIP.png","width":650,"height":650},{"@type":"BreadcrumbList","@id":"https:\/\/topsuccesstools.com\/pt-pt\/pt-shop\/coaching-pt\/sessoes-online\/pack-ultra-vip\/#breadcrumb","itemListElement":[{"@type":"ListItem","position":1,"name":"Home","item":"https:\/\/topsuccesstools.com\/"},{"@type":"ListItem","position":2,"name":"Shop","item":"https:\/\/topsuccesstools.com\/shop\/"},{"@type":"ListItem","position":3,"name":"Package &#8220;Ultra VIP&#8221;"}]},{"@type":"WebSite","@id":"https:\/\/topsuccesstools.com\/#website","url":"https:\/\/topsuccesstools.com\/","name":"Top Success Tools!","description":"Become the best version of Yourself!","publisher":{"@id":"https:\/\/topsuccesstools.com\/#organization"},"potentialAction":[{"@type":"SearchAction","target":{"@type":"EntryPoint","urlTemplate":"https:\/\/topsuccesstools.com\/?s={search_term_string}"},"query-input":{"@type":"PropertyValueSpecification","valueRequired":true,"valueName":"search_term_string"}}],"inLanguage":"pt-PT"},{"@type":"Organization","@id":"https:\/\/topsuccesstools.com\/#organization","name":"Top Success Tools","url":"https:\/\/topsuccesstools.com\/","logo":{"@type":"ImageObject","inLanguage":"pt-PT","@id":"https:\/\/topsuccesstools.com\/#\/schema\/logo\/image\/","url":"http:\/\/topsuccesstools.com\/wp-content\/uploads\/2016\/03\/logoheader-2.jpg","contentUrl":"http:\/\/topsuccesstools.com\/wp-content\/uploads\/2016\/03\/logoheader-2.jpg","width":1200,"height":463,"caption":"Top Success Tools"},"image":{"@id":"https:\/\/topsuccesstools.com\/#\/schema\/logo\/image\/"}}]}},"_links":{"self":[{"href":"https:\/\/topsuccesstools.com\/pt-pt\/wp-json\/wp\/v2\/product\/292","targetHints":{"allow":["GET"]}}],"collection":[{"href":"https:\/\/topsuccesstools.com\/pt-pt\/wp-json\/wp\/v2\/product"}],"about":[{"href":"https:\/\/topsuccesstools.com\/pt-pt\/wp-json\/wp\/v2\/types\/product"}],"wp:featuredmedia":[{"embeddable":true,"href":"https:\/\/topsuccesstools.com\/pt-pt\/wp-json\/wp\/v2\/media\/188"}],"wp:attachment":[{"href":"https:\/\/topsuccesstools.com\/pt-pt\/wp-json\/wp\/v2\/media?parent=292"}],"wp:term":[{"taxonomy":"product_brand","embeddable":true,"href":"https:\/\/topsuccesstools.com\/pt-pt\/wp-json\/wp\/v2\/product_brand?post=292"},{"taxonomy":"product_cat","embeddable":true,"href":"https:\/\/topsuccesstools.com\/pt-pt\/wp-json\/wp\/v2\/product_cat?post=292"},{"taxonomy":"product_tag","embeddable":true,"href":"https:\/\/topsuccesstools.com\/pt-pt\/wp-json\/wp\/v2\/product_tag?post=292"}],"curies":[{"name":"wp","href":"https:\/\/api.w.org\/{rel}","templated":true}]}}