{"id":328,"date":"2016-03-10T16:24:04","date_gmt":"2016-03-10T16:24:04","guid":{"rendered":"http:\/\/topsuccesstools.com\/pt-pt\/?post_type=product&#038;p=328"},"modified":"2023-08-23T12:05:21","modified_gmt":"2023-08-23T12:05:21","slug":"pack-platinum","status":"publish","type":"product","link":"https:\/\/topsuccesstools.com\/pt-pt\/pt-shop\/coaching-pt\/sessoes-online\/pack-platinum\/","title":{"rendered":"Package &#8220;Platinum&#8221;"},"content":{"rendered":"<div class=\"wpb-content-wrapper\"><p>[vc_row content_placement=&#8221;top&#8221;][vc_column width=&#8221;1\/4&#8243; css=&#8221;.vc_custom_1456154147184{padding-top: 30px !important;padding-bottom: 30px !important;}&#8221;][\/vc_column][vc_column width=&#8221;3\/4&#8243;]<\/p>\n<p>[vc_custom_heading text=&#8221;Package &#8220;Platinum&#8220;&#8221; font_container=&#8221;tag:h2|text_align:left|color:%23d0a747&#8243; use_theme_fonts=&#8221;yes&#8221;]<\/p>\n<p>[vc_custom_heading text=&#8221;12 Sess\u00f5es de Results Coaching&#8221; font_container=&#8221;tag:h3|text_align:left|color:%23000000&#8243; use_theme_fonts=&#8221;yes&#8221;][vc_column_text]<\/p>\n<p>Se quer fazer uma mudan\u00e7a real na Sua Vida, e garantir que esta se mant\u00e9m ap\u00f3s a sua \u00faltima Sess\u00e3o de Coaching\u2026<strong>\u00a0esta \u00e9 a Solu\u00e7\u00e3o para si! <\/strong><\/p>\n<p>\u00c9 um dos nossos pacotes mais solicitado porque, n\u00e3o importa se voc\u00ea sabe exactamente o que quer mudar, ou se apenas sabe que quer que a sua vida seja diferente. Esta op\u00e7\u00e3o d\u00e1-nos tempo suficiente para chegarmos \u00e1 raiz da quest\u00e3o e dar-lhe as ferramentas necess\u00e1rias que precisa para fazer acontecer essas mudan\u00e7as importantes na sua vida, de forma duradoura![\/vc_column_text][\/vc_column][\/vc_row][vc_row][vc_column width=&#8221;1\/4&#8243;][vc_single_image image=&#8221;240&#8243; img_size=&#8221;full&#8221; alignment=&#8221;center&#8221; css=&#8221;.vc_custom_1460469214617{padding-right: 50px !important;padding-left: 50px !important;}&#8221;][\/vc_column][vc_column width=&#8221;3\/4&#8243;][vc_column_text]<\/p>\n<p><strong>Inclui:<\/strong><\/p>\n<ul>\n<li>12 Sess\u00f5es x 30 min de <strong><em>Results Coaching<\/em><\/strong><br \/>\n(Via Skype e que ter\u00e3o que ser previamente agendadas)<\/li>\n<li>Material de Apoio e Suporte via email durante o Per\u00edodo das Sess\u00f5es<\/li>\n<li>&#8220;Power Session Form&#8221; de Preenchimento On-line at\u00e9 24h antes de cada Sess\u00e3o.<\/li>\n<\/ul>\n<p>[\/vc_column_text][\/vc_column][\/vc_row]<\/p>\n<\/div>","protected":false},"excerpt":{"rendered":"<p>aprox. $ 1508,00<br \/>\naprox. \u00a3 1195,00<br \/>\n<img loading=\"lazy\" decoding=\"async\" class=\"alignleft wp-image-175\" src=\"https:\/\/topsuccesstools.com\/wp-content\/uploads\/2016\/01\/offline-150x150.png\" alt=\"All over the World\" width=\"50\" height=\"50\" srcset=\"https:\/\/topsuccesstools.com\/wp-content\/uploads\/2016\/01\/offline-150x150.png 150w, https:\/\/topsuccesstools.com\/wp-content\/uploads\/2016\/01\/offline-146x146.png 146w, https:\/\/topsuccesstools.com\/wp-content\/uploads\/2016\/01\/offline-50x50.png 50w, https:\/\/topsuccesstools.com\/wp-content\/uploads\/2016\/01\/offline-80x80.png 80w, https:\/\/topsuccesstools.com\/wp-content\/uploads\/2016\/01\/offline-75x75.png 75w, https:\/\/topsuccesstools.com\/wp-content\/uploads\/2016\/01\/offline-85x85.png 85w, https:\/\/topsuccesstools.com\/wp-content\/uploads\/2016\/01\/offline-200x200.png 200w, https:\/\/topsuccesstools.com\/wp-content\/uploads\/2016\/01\/offline.png 295w\" sizes=\"auto, (max-width:767px) 50px, 50px\" \/><\/p>\n<p><span style=\"color: #000000;\"><span style=\"color: #222222;\">Onde Quer Que Esteja\u2026<\/span><span style=\"color: #222222;\">\u00a0Decida Agora!<br \/>\nAtaque esse Assunto que o Incomoda ou Bloqueia<span style=\"color: #222222;\">\u2026<\/span><br \/>\ne Siga em Frente para uma Vida Plena e Realizada!!!<br \/>\n<\/span><\/span><\/p>\n","protected":false},"featured_media":150,"template":"","meta":[],"product_brand":[],"product_cat":[14],"product_tag":[],"class_list":{"0":"post-328","1":"product","2":"type-product","3":"status-publish","4":"has-post-thumbnail","6":"product_cat-sessoes-online","7":"pa_duration-tres-meses","8":"pa_sessions-doze-sessoes","10":"first","11":"instock","12":"virtual","13":"taxable","14":"purchasable","15":"product-type-simple"},"yoast_head":"<!-- This site is optimized with the Yoast SEO plugin v27.2 - https:\/\/yoast.com\/product\/yoast-seo-wordpress\/ -->\n<title>Package &quot;Platinum&quot; - Top Success Tools!<\/title>\n<meta name=\"robots\" content=\"index, follow, max-snippet:-1, max-image-preview:large, max-video-preview:-1\" \/>\n<link rel=\"canonical\" href=\"https:\/\/topsuccesstools.com\/pt-pt\/pt-shop\/coaching-pt\/sessoes-online\/pack-platinum\/\" \/>\n<meta property=\"og:locale\" content=\"pt_PT\" \/>\n<meta property=\"og:type\" content=\"article\" \/>\n<meta property=\"og:title\" content=\"Package &quot;Platinum&quot; - Top Success Tools!\" \/>\n<meta property=\"og:description\" content=\"aprox. $ 1508,00 aprox. \u00a3 1195,00   Onde Quer Que Esteja\u2026\u00a0Decida Agora! Ataque esse Assunto que o Incomoda ou Bloqueia\u2026 e Siga em Frente para uma Vida Plena e Realizada!!!\" \/>\n<meta property=\"og:url\" content=\"https:\/\/topsuccesstools.com\/pt-pt\/pt-shop\/coaching-pt\/sessoes-online\/pack-platinum\/\" \/>\n<meta property=\"og:site_name\" content=\"Top Success Tools!\" \/>\n<meta property=\"article:modified_time\" content=\"2023-08-23T12:05:21+00:00\" \/>\n<meta property=\"og:image\" content=\"https:\/\/topsuccesstools.com\/wp-content\/uploads\/2016\/01\/selo-Platinum.png\" \/>\n\t<meta property=\"og:image:width\" content=\"650\" \/>\n\t<meta property=\"og:image:height\" content=\"650\" \/>\n\t<meta property=\"og:image:type\" content=\"image\/png\" \/>\n<meta name=\"twitter:card\" content=\"summary_large_image\" \/>\n<script type=\"application\/ld+json\" class=\"yoast-schema-graph\">{\"@context\":\"https:\/\/schema.org\",\"@graph\":[{\"@type\":\"WebPage\",\"@id\":\"https:\/\/topsuccesstools.com\/pt-pt\/pt-shop\/coaching-pt\/sessoes-online\/pack-platinum\/\",\"url\":\"https:\/\/topsuccesstools.com\/pt-pt\/pt-shop\/coaching-pt\/sessoes-online\/pack-platinum\/\",\"name\":\"Package \\\"Platinum\\\" - Top Success Tools!\",\"isPartOf\":{\"@id\":\"https:\/\/topsuccesstools.com\/#website\"},\"primaryImageOfPage\":{\"@id\":\"https:\/\/topsuccesstools.com\/pt-pt\/pt-shop\/coaching-pt\/sessoes-online\/pack-platinum\/#primaryimage\"},\"image\":{\"@id\":\"https:\/\/topsuccesstools.com\/pt-pt\/pt-shop\/coaching-pt\/sessoes-online\/pack-platinum\/#primaryimage\"},\"thumbnailUrl\":\"https:\/\/topsuccesstools.com\/wp-content\/uploads\/2016\/01\/selo-Platinum.png\",\"datePublished\":\"2016-03-10T16:24:04+00:00\",\"dateModified\":\"2023-08-23T12:05:21+00:00\",\"breadcrumb\":{\"@id\":\"https:\/\/topsuccesstools.com\/pt-pt\/pt-shop\/coaching-pt\/sessoes-online\/pack-platinum\/#breadcrumb\"},\"inLanguage\":\"pt-PT\",\"potentialAction\":[{\"@type\":\"ReadAction\",\"target\":[\"https:\/\/topsuccesstools.com\/pt-pt\/pt-shop\/coaching-pt\/sessoes-online\/pack-platinum\/\"]}]},{\"@type\":\"ImageObject\",\"inLanguage\":\"pt-PT\",\"@id\":\"https:\/\/topsuccesstools.com\/pt-pt\/pt-shop\/coaching-pt\/sessoes-online\/pack-platinum\/#primaryimage\",\"url\":\"https:\/\/topsuccesstools.com\/wp-content\/uploads\/2016\/01\/selo-Platinum.png\",\"contentUrl\":\"https:\/\/topsuccesstools.com\/wp-content\/uploads\/2016\/01\/selo-Platinum.png\",\"width\":650,\"height\":650},{\"@type\":\"BreadcrumbList\",\"@id\":\"https:\/\/topsuccesstools.com\/pt-pt\/pt-shop\/coaching-pt\/sessoes-online\/pack-platinum\/#breadcrumb\",\"itemListElement\":[{\"@type\":\"ListItem\",\"position\":1,\"name\":\"Home\",\"item\":\"https:\/\/topsuccesstools.com\/\"},{\"@type\":\"ListItem\",\"position\":2,\"name\":\"Shop\",\"item\":\"https:\/\/topsuccesstools.com\/shop\/\"},{\"@type\":\"ListItem\",\"position\":3,\"name\":\"Package &#8220;Platinum&#8221;\"}]},{\"@type\":\"WebSite\",\"@id\":\"https:\/\/topsuccesstools.com\/#website\",\"url\":\"https:\/\/topsuccesstools.com\/\",\"name\":\"Top Success Tools!\",\"description\":\"Become the best version of Yourself!\",\"publisher\":{\"@id\":\"https:\/\/topsuccesstools.com\/#organization\"},\"potentialAction\":[{\"@type\":\"SearchAction\",\"target\":{\"@type\":\"EntryPoint\",\"urlTemplate\":\"https:\/\/topsuccesstools.com\/?s={search_term_string}\"},\"query-input\":{\"@type\":\"PropertyValueSpecification\",\"valueRequired\":true,\"valueName\":\"search_term_string\"}}],\"inLanguage\":\"pt-PT\"},{\"@type\":\"Organization\",\"@id\":\"https:\/\/topsuccesstools.com\/#organization\",\"name\":\"Top Success Tools\",\"url\":\"https:\/\/topsuccesstools.com\/\",\"logo\":{\"@type\":\"ImageObject\",\"inLanguage\":\"pt-PT\",\"@id\":\"https:\/\/topsuccesstools.com\/#\/schema\/logo\/image\/\",\"url\":\"http:\/\/topsuccesstools.com\/wp-content\/uploads\/2016\/03\/logoheader-2.jpg\",\"contentUrl\":\"http:\/\/topsuccesstools.com\/wp-content\/uploads\/2016\/03\/logoheader-2.jpg\",\"width\":1200,\"height\":463,\"caption\":\"Top Success Tools\"},\"image\":{\"@id\":\"https:\/\/topsuccesstools.com\/#\/schema\/logo\/image\/\"}}]}<\/script>\n<!-- \/ Yoast SEO plugin. -->","yoast_head_json":{"title":"Package \"Platinum\" - Top Success Tools!","robots":{"index":"index","follow":"follow","max-snippet":"max-snippet:-1","max-image-preview":"max-image-preview:large","max-video-preview":"max-video-preview:-1"},"canonical":"https:\/\/topsuccesstools.com\/pt-pt\/pt-shop\/coaching-pt\/sessoes-online\/pack-platinum\/","og_locale":"pt_PT","og_type":"article","og_title":"Package \"Platinum\" - Top Success Tools!","og_description":"aprox. $ 1508,00 aprox. \u00a3 1195,00   Onde Quer Que Esteja\u2026\u00a0Decida Agora! Ataque esse Assunto que o Incomoda ou Bloqueia\u2026 e Siga em Frente para uma Vida Plena e Realizada!!!","og_url":"https:\/\/topsuccesstools.com\/pt-pt\/pt-shop\/coaching-pt\/sessoes-online\/pack-platinum\/","og_site_name":"Top Success Tools!","article_modified_time":"2023-08-23T12:05:21+00:00","og_image":[{"width":650,"height":650,"url":"https:\/\/topsuccesstools.com\/wp-content\/uploads\/2016\/01\/selo-Platinum.png","type":"image\/png"}],"twitter_card":"summary_large_image","schema":{"@context":"https:\/\/schema.org","@graph":[{"@type":"WebPage","@id":"https:\/\/topsuccesstools.com\/pt-pt\/pt-shop\/coaching-pt\/sessoes-online\/pack-platinum\/","url":"https:\/\/topsuccesstools.com\/pt-pt\/pt-shop\/coaching-pt\/sessoes-online\/pack-platinum\/","name":"Package \"Platinum\" - Top Success Tools!","isPartOf":{"@id":"https:\/\/topsuccesstools.com\/#website"},"primaryImageOfPage":{"@id":"https:\/\/topsuccesstools.com\/pt-pt\/pt-shop\/coaching-pt\/sessoes-online\/pack-platinum\/#primaryimage"},"image":{"@id":"https:\/\/topsuccesstools.com\/pt-pt\/pt-shop\/coaching-pt\/sessoes-online\/pack-platinum\/#primaryimage"},"thumbnailUrl":"https:\/\/topsuccesstools.com\/wp-content\/uploads\/2016\/01\/selo-Platinum.png","datePublished":"2016-03-10T16:24:04+00:00","dateModified":"2023-08-23T12:05:21+00:00","breadcrumb":{"@id":"https:\/\/topsuccesstools.com\/pt-pt\/pt-shop\/coaching-pt\/sessoes-online\/pack-platinum\/#breadcrumb"},"inLanguage":"pt-PT","potentialAction":[{"@type":"ReadAction","target":["https:\/\/topsuccesstools.com\/pt-pt\/pt-shop\/coaching-pt\/sessoes-online\/pack-platinum\/"]}]},{"@type":"ImageObject","inLanguage":"pt-PT","@id":"https:\/\/topsuccesstools.com\/pt-pt\/pt-shop\/coaching-pt\/sessoes-online\/pack-platinum\/#primaryimage","url":"https:\/\/topsuccesstools.com\/wp-content\/uploads\/2016\/01\/selo-Platinum.png","contentUrl":"https:\/\/topsuccesstools.com\/wp-content\/uploads\/2016\/01\/selo-Platinum.png","width":650,"height":650},{"@type":"BreadcrumbList","@id":"https:\/\/topsuccesstools.com\/pt-pt\/pt-shop\/coaching-pt\/sessoes-online\/pack-platinum\/#breadcrumb","itemListElement":[{"@type":"ListItem","position":1,"name":"Home","item":"https:\/\/topsuccesstools.com\/"},{"@type":"ListItem","position":2,"name":"Shop","item":"https:\/\/topsuccesstools.com\/shop\/"},{"@type":"ListItem","position":3,"name":"Package &#8220;Platinum&#8221;"}]},{"@type":"WebSite","@id":"https:\/\/topsuccesstools.com\/#website","url":"https:\/\/topsuccesstools.com\/","name":"Top Success Tools!","description":"Become the best version of Yourself!","publisher":{"@id":"https:\/\/topsuccesstools.com\/#organization"},"potentialAction":[{"@type":"SearchAction","target":{"@type":"EntryPoint","urlTemplate":"https:\/\/topsuccesstools.com\/?s={search_term_string}"},"query-input":{"@type":"PropertyValueSpecification","valueRequired":true,"valueName":"search_term_string"}}],"inLanguage":"pt-PT"},{"@type":"Organization","@id":"https:\/\/topsuccesstools.com\/#organization","name":"Top Success Tools","url":"https:\/\/topsuccesstools.com\/","logo":{"@type":"ImageObject","inLanguage":"pt-PT","@id":"https:\/\/topsuccesstools.com\/#\/schema\/logo\/image\/","url":"http:\/\/topsuccesstools.com\/wp-content\/uploads\/2016\/03\/logoheader-2.jpg","contentUrl":"http:\/\/topsuccesstools.com\/wp-content\/uploads\/2016\/03\/logoheader-2.jpg","width":1200,"height":463,"caption":"Top Success Tools"},"image":{"@id":"https:\/\/topsuccesstools.com\/#\/schema\/logo\/image\/"}}]}},"_links":{"self":[{"href":"https:\/\/topsuccesstools.com\/pt-pt\/wp-json\/wp\/v2\/product\/328","targetHints":{"allow":["GET"]}}],"collection":[{"href":"https:\/\/topsuccesstools.com\/pt-pt\/wp-json\/wp\/v2\/product"}],"about":[{"href":"https:\/\/topsuccesstools.com\/pt-pt\/wp-json\/wp\/v2\/types\/product"}],"wp:featuredmedia":[{"embeddable":true,"href":"https:\/\/topsuccesstools.com\/pt-pt\/wp-json\/wp\/v2\/media\/150"}],"wp:attachment":[{"href":"https:\/\/topsuccesstools.com\/pt-pt\/wp-json\/wp\/v2\/media?parent=328"}],"wp:term":[{"taxonomy":"product_brand","embeddable":true,"href":"https:\/\/topsuccesstools.com\/pt-pt\/wp-json\/wp\/v2\/product_brand?post=328"},{"taxonomy":"product_cat","embeddable":true,"href":"https:\/\/topsuccesstools.com\/pt-pt\/wp-json\/wp\/v2\/product_cat?post=328"},{"taxonomy":"product_tag","embeddable":true,"href":"https:\/\/topsuccesstools.com\/pt-pt\/wp-json\/wp\/v2\/product_tag?post=328"}],"curies":[{"name":"wp","href":"https:\/\/api.w.org\/{rel}","templated":true}]}}