{"id":487,"date":"2016-05-03T17:44:35","date_gmt":"2016-05-03T17:44:35","guid":{"rendered":"http:\/\/topsuccesstools.com\/pt-pt\/?post_type=product&#038;p=487"},"modified":"2018-01-22T16:28:07","modified_gmt":"2018-01-22T16:28:07","slug":"workshop-power-networking","status":"publish","type":"product","link":"https:\/\/topsuccesstools.com\/pt-pt\/pt-shop\/workshops-pt\/workshop-power-networking\/","title":{"rendered":"Workshop \u201cPower Networking\u201d"},"content":{"rendered":"<div class=\"wpb-content-wrapper\"><p>[vc_row content_placement=&#8221;top&#8221; css=&#8221;.vc_custom_1462300515320{margin-bottom: 0px !important;padding-bottom: 0px !important;}&#8221;][vc_column css=&#8221;.vc_custom_1456154147184{padding-top: 30px !important;padding-bottom: 30px !important;}&#8221;][vc_custom_heading text=&#8221;Workshop \u201cPower Networking\u201d&#8221; font_container=&#8221;tag:h2|text_align:center|color:%23d0a747&#8243; use_theme_fonts=&#8221;yes&#8221;][vc_custom_heading text=&#8221;Introdu\u00e7\u00e3o&#8221; font_container=&#8221;tag:h3|text_align:left|color:%23000000&#8243; use_theme_fonts=&#8221;yes&#8221; css=&#8221;.vc_custom_1462300387655{padding-top: 32px !important;}&#8221;][vc_column_text css=&#8221;.vc_custom_1462368522111{padding-right: 200px !important;}&#8221;]O Networking \u00e9 uma Compet\u00eancia essencial no Mundo Profissional.<\/p>\n<p>Cada vez mais, a import\u00e2ncia de um novo Contacto e a capacidade de o sabermos potenciar eficazmente e da melhor forma, condiciona a cria\u00e7\u00e3o de novas oportunidades de neg\u00f3cio ou parcerias e \u00e9 determinante no Sucesso Pessoal e Profissional.<\/p>\n<p>Neste Workshop aprender\u00e1 de forma Pr\u00e1tica e Vivencial a Potenciar Exponencialmente a sua Capacidade de Networking, a desenvolver novos contactos, a Criar Oportunidades de Sucesso, tornando-se um Networker Profissional.[\/vc_column_text][vc_single_image image=&#8221;490&#8243; img_size=&#8221;full&#8221; css=&#8221;.vc_custom_1462300371570{padding-top: 32px !important;padding-bottom: 32px !important;}&#8221;][\/vc_column][\/vc_row][vc_row gap=&#8221;35&#8243; full_height=&#8221;yes&#8221; columns_placement=&#8221;top&#8221; content_placement=&#8221;top&#8221;][vc_column width=&#8221;1\/2&#8243;][vc_column_text]<\/p>\n<h3>Detalhes<\/h3>\n<dl>\n<dt>Data:<\/dt>\n<dd><abbr class=\"published dtstart\" title=\"Data\">Ter\u00e7a-Feira, 6 de Mar\u00e7o\u00a02018<\/abbr><\/dd>\n<dt>Hora:<\/dt>\n<dd>\n<div class=\"published dtstart\" title=\"Hora\">das 18:30 \u00e0s 22:30 (Inclui Coffee-Break)<\/div>\n<\/dd>\n<dt>Dura\u00e7\u00e3o:<\/dt>\n<dd>4 Horas<\/dd>\n<dt>Investimento:<\/dt>\n<dd>50\u20ac (Lugares Limitados)<\/dd>\n<dt>Local:<\/dt>\n<dd>@ Action For Success &#8220;Training Room&#8221;<br \/>\n&#8211; Lisboa<\/dd>\n<\/dl>\n<p>[\/vc_column_text][vc_gmaps link=&#8221;&#8221; size=&#8221;&#8221;][vc_column_text]<\/p>\n<h3>Powered by:<\/h3>\n<h4><span style=\"font-size: large;\"><b>Action For Success<\/b><\/span><\/h4>\n<dl>\n<dt>Formadora:<\/dt>\n<dd><abbr class=\"published dtstart\" title=\"Diana Metello\">Diana Metello<\/abbr><\/dd>\n<\/dl>\n<p>[\/vc_column_text][vc_text_separator title=&#8221;Diana Metello&#8221; title_align=&#8221;separator_align_left&#8221; color=&#8221;custom&#8221; style=&#8221;dotted&#8221; accent_color=&#8221;#d0a747&#8243;][vc_column_text]International Results Coach, Trainer e Public Speaker, estando envolvida\u00a0profissionalmente na \u00c1rea do Desenvolvimento Pessoal e Forma\u00e7\u00e3o h\u00e1 mais de 20 anos.<\/p>\n<p>Certificada Internacionalmente como: Master Life &amp; Executive Coach, Master em Programa\u00e7\u00e3o Neuro-Linguistica e Consultora de Panorama Social Mental.<br \/>\nTem tamb\u00e9m Treino Qualificado em High Impact Presentations Skills, Comunica\u00e7\u00e3o e Imagem, Certifica\u00e7\u00f5es em Psicologia Junguiana, Astrologia Psicol\u00f3gica e Transpessoal, Terapias Complementares, entre muitas outras.<\/p>\n<p>Entre v\u00e1rios Projectos que abra\u00e7ou, Diana Metello foi a \u201cAll Cities Leader\u201d e Representante Oficial do \u201cFirst Tuesday\u201d (Network Mundial de Empreendedores e Investidores) em Portugal, desde 1999, e por v\u00e1rias raz\u00f5es, incluindo o facto de ter trazido o Conceito de Networking para Portugal, o extraordin\u00e1rio impacto que teve e os resultados que atingiu, Diana Metello foi reconhecida pelo GEM (Global Entrepreneurship Monitor) em 2001 como uma das principais Refer\u00eancias do Empreendedorismo em Portugal.<\/p>\n<p>Em 2012 criou a sua actual empresa, a <a href=\"http:\/\/action-for-success.com\/\" target=\"_blank\" rel=\"noopener\"><strong><em>Action For Success<\/em><\/strong><\/a>, direccionada para as \u00e1reas do Coaching, Consultoria e Forma\u00e7\u00e3o.<\/p>\n<p>Acreditando no extraordin\u00e1rio Potencial do Ser Humano, fortemente sustentada\u00a0pelos seus pr\u00f3prios e profundos Processos Vivenciais e Desafios Superados,\u00a0Liderando pelo Exemplo e com uma enorme Paix\u00e3o pelo que faz, Diana Metello\u00a0aposta na Excel\u00eancia e na Melhoria Cont\u00ednua, investindo muito no seu pr\u00f3prio\u00a0Desenvolvimento Pessoal, sempre escolhendo Forma\u00e7\u00f5es de Qualidade e reconhecidas internacionalmente\u2026 e criando a oportunidade de modelar os\u00a0Melhores do Mundo e t\u00ea-los como refer\u00eancia.<\/p>\n<p>Como International Results Coach e Fundadora da <a href=\"http:\/\/action-for-success.com\/\" target=\"_blank\" rel=\"noopener\"><em><strong>Action For Success<\/strong><\/em><\/a>\u2026<br \/>\nA sua Miss\u00e3o \u00e9\u2026 Ser Catalizadora de Mudan\u00e7a! \u2026Participar em Projectos\u00a0Inovadores! \u2026Inspirar e Contribuir para Sonhos Alcan\u00e7ados!<br \/>\nFazer parte de Desafios Pessoais ou Profissionais transformados em Vit\u00f3rias!<br \/>\n\u2026 Fazer a Diferen\u00e7a!!![\/vc_column_text][\/vc_column][vc_column width=&#8221;1\/2&#8243;][vc_column_text]<strong>Requisito obrigat\u00f3rio:<\/strong><\/p>\n<p>Ter um Projecto Pessoal ou Profissional, querer desenvolver compet\u00eancias de\u00a0comunica\u00e7\u00e3o e vontade de participar activamente na Forma\u00e7\u00e3o.<\/p>\n<p><strong>A Quem se destina:<\/strong><\/p>\n<p>Este workshop destina-se Profissionais e Empreendedores de todas as \u00e1reas,\u00a0que queiram posicionar-se no mercado atrav\u00e9s do desenvolvimento de\u00a0compet\u00eancias de comunica\u00e7\u00e3o e marketing pessoal, de forma a atra\u00edrem os\u00a0melhores parceiros profissionais e a desenvolverem exponencialmente\u00a0oportunidades de neg\u00f3cio.<\/p>\n<p><strong>Objetivos:<\/strong><\/p>\n<p>No final deste Workshop os Participantes estar\u00e3o aptos a:<br \/>\n\u2022 Criar Oportunidades de Networking<br \/>\n\u2022 Causar uma Excelente \u201cPrimeira Impress\u00e3o\u201d<br \/>\n\u2022 Estabelecer Rapport e despertar o interesse do Contacto.<br \/>\n\u2022 Apresentar o seu Projecto\/Neg\u00f3cio em menos de 30 segundos<br \/>\n\u2022 Saber Fazer o Follow-Up e Expandir Oportunidades.<\/p>\n<p><strong>Alguns Conte\u00fados:<\/strong><\/p>\n<p>\u2022 O Conceito de \u201cNetworking\u201d, Regras e Princ\u00edpios.<br \/>\n\u2022 Marketing Pessoal: Imagem Pessoal e Imagem Profissional<br \/>\n\u2022 Os V\u00e1rios \u201cTipos de Comunica\u00e7\u00e3o\u201d (Verbal e N\u00e3o-Verbal)<br \/>\n\u2022 Estrat\u00e9gias para uma Comunica\u00e7\u00e3o Eficaz<br \/>\n\u2022 Contacto Pessoal e Redes Sociais na Gest\u00e3o de Contactos<br \/>\n\u2022 Formas de Criar e Potenciar Oportunidades de Networking<br \/>\n\u2026entre outros.[\/vc_column_text][vc_column_text]<strong>Avalia\u00e7\u00e3o e Certifica\u00e7\u00e3o<\/strong><\/p>\n<p><img loading=\"lazy\" decoding=\"async\" class=\"alignleft wp-image-507\" src=\"https:\/\/topsuccesstools.com\/wp-content\/uploads\/2016\/05\/Selo-Action-150x150.png\" alt=\"Action For Success\" width=\"97\" height=\"90\" \/>Sendo a <strong><em><a href=\"http:\/\/action-for-success.com\/\" target=\"_blank\" rel=\"noopener\">Action For Success<\/a><\/em><\/strong>\u00a0uma Empresa Internacionalmente Certificada em termos de Qualidade, todos os Participantes que estiverem presentes na totalidade da forma\u00e7\u00e3o, participarem activamente nas actividades e completarem o &#8220;Feedback Form&#8221; receber\u00e3o um Certificado de Participa\u00e7\u00e3o com o respectivo \u201cSelo de Qualidade\u201d.<\/p>\n<p>&nbsp;<\/p>\n<p><strong>Tipo de Forma\u00e7\u00e3o<\/strong><\/p>\n<p><img loading=\"lazy\" decoding=\"async\" class=\"alignleft wp-image-204\" src=\"https:\/\/topsuccesstools.com\/wp-content\/uploads\/2016\/02\/in-person-150x150.png\" alt=\"in-person\" width=\"75\" height=\"75\" srcset=\"https:\/\/topsuccesstools.com\/wp-content\/uploads\/2016\/02\/in-person-150x150.png 150w, https:\/\/topsuccesstools.com\/wp-content\/uploads\/2016\/02\/in-person-146x146.png 146w, https:\/\/topsuccesstools.com\/wp-content\/uploads\/2016\/02\/in-person-50x50.png 50w, https:\/\/topsuccesstools.com\/wp-content\/uploads\/2016\/02\/in-person-80x80.png 80w, https:\/\/topsuccesstools.com\/wp-content\/uploads\/2016\/02\/in-person-75x75.png 75w, https:\/\/topsuccesstools.com\/wp-content\/uploads\/2016\/02\/in-person-85x85.png 85w, https:\/\/topsuccesstools.com\/wp-content\/uploads\/2016\/02\/in-person-200x200.png 200w, https:\/\/topsuccesstools.com\/wp-content\/uploads\/2016\/02\/in-person.png 295w\" sizes=\"auto, (max-width:767px) 75px, 75px\" \/>Presencial: A forma\u00e7\u00e3o ser\u00e1 essencialmente Vivencial e Pr\u00e1tica, embora suportada por Teoria e Informa\u00e7\u00e3o apresentada visualmente e que os participantes poder\u00e3o recolher as notas que acharem necess\u00e1rias.<\/p>\n<p>&nbsp;<\/p>\n<p><strong>Nota\u00a0Adicional<\/strong><\/p>\n<p>Os Participantes que estiverem interessados, ser\u00e3o adicionados ao Grupo\/F\u00f3rum \u201cPower Networking\u201d, com o objectivo de estabelecerem novos contactos e aplicarem os Conhecimentos e T\u00e9cnicas que aprenderam no Workshop, e ter\u00e3o informa\u00e7\u00e3o privilegiada sobre outros eventos e forma\u00e7\u00f5es relacionados.[\/vc_column_text][\/vc_column][\/vc_row]<\/p>\n<\/div>","protected":false},"excerpt":{"rendered":"<p>O Networking \u00e9 uma Compet\u00eancia essencial no Mundo Profissional.<\/p>\n<p><strong>Torne-se num Networker Profissional!!!<\/strong><\/p>\n<p>Dura\u00e7\u00e3o: 4 horas<\/p>\n","protected":false},"featured_media":528,"template":"","meta":[],"product_brand":[],"product_cat":[102],"product_tag":[],"class_list":{"0":"post-487","1":"product","2":"type-product","3":"status-publish","4":"has-post-thumbnail","6":"product_cat-workshops-pt","8":"first","9":"instock","10":"virtual","11":"taxable","12":"purchasable","13":"product-type-simple"},"yoast_head":"<!-- This site is optimized with the Yoast SEO plugin v27.2 - https:\/\/yoast.com\/product\/yoast-seo-wordpress\/ -->\n<title>Workshop \u201cPower Networking\u201d - Top Success Tools!<\/title>\n<meta name=\"robots\" content=\"index, follow, max-snippet:-1, max-image-preview:large, max-video-preview:-1\" \/>\n<link rel=\"canonical\" href=\"https:\/\/topsuccesstools.com\/pt-pt\/pt-shop\/workshops-pt\/workshop-power-networking\/\" \/>\n<meta property=\"og:locale\" content=\"pt_PT\" \/>\n<meta property=\"og:type\" content=\"article\" \/>\n<meta property=\"og:title\" content=\"Workshop \u201cPower Networking\u201d - Top Success Tools!\" \/>\n<meta property=\"og:description\" content=\"O Networking \u00e9 uma Compet\u00eancia essencial no Mundo Profissional.  Torne-se num Networker Profissional!!!  Dura\u00e7\u00e3o: 4 horas\" \/>\n<meta property=\"og:url\" content=\"https:\/\/topsuccesstools.com\/pt-pt\/pt-shop\/workshops-pt\/workshop-power-networking\/\" \/>\n<meta property=\"og:site_name\" content=\"Top Success Tools!\" \/>\n<meta property=\"article:modified_time\" content=\"2018-01-22T16:28:07+00:00\" \/>\n<meta property=\"og:image\" content=\"https:\/\/topsuccesstools.com\/wp-content\/uploads\/2016\/05\/WS-Power-Networking-B.jpg\" \/>\n\t<meta property=\"og:image:width\" content=\"1535\" \/>\n\t<meta property=\"og:image:height\" content=\"1535\" \/>\n\t<meta property=\"og:image:type\" content=\"image\/jpeg\" \/>\n<meta name=\"twitter:card\" content=\"summary_large_image\" \/>\n<script type=\"application\/ld+json\" class=\"yoast-schema-graph\">{\"@context\":\"https:\/\/schema.org\",\"@graph\":[{\"@type\":\"WebPage\",\"@id\":\"https:\/\/topsuccesstools.com\/pt-pt\/pt-shop\/workshops-pt\/workshop-power-networking\/\",\"url\":\"https:\/\/topsuccesstools.com\/pt-pt\/pt-shop\/workshops-pt\/workshop-power-networking\/\",\"name\":\"Workshop \u201cPower Networking\u201d - Top Success Tools!\",\"isPartOf\":{\"@id\":\"https:\/\/topsuccesstools.com\/#website\"},\"primaryImageOfPage\":{\"@id\":\"https:\/\/topsuccesstools.com\/pt-pt\/pt-shop\/workshops-pt\/workshop-power-networking\/#primaryimage\"},\"image\":{\"@id\":\"https:\/\/topsuccesstools.com\/pt-pt\/pt-shop\/workshops-pt\/workshop-power-networking\/#primaryimage\"},\"thumbnailUrl\":\"https:\/\/topsuccesstools.com\/wp-content\/uploads\/2016\/05\/WS-Power-Networking-B.jpg\",\"datePublished\":\"2016-05-03T17:44:35+00:00\",\"dateModified\":\"2018-01-22T16:28:07+00:00\",\"breadcrumb\":{\"@id\":\"https:\/\/topsuccesstools.com\/pt-pt\/pt-shop\/workshops-pt\/workshop-power-networking\/#breadcrumb\"},\"inLanguage\":\"pt-PT\",\"potentialAction\":[{\"@type\":\"ReadAction\",\"target\":[\"https:\/\/topsuccesstools.com\/pt-pt\/pt-shop\/workshops-pt\/workshop-power-networking\/\"]}]},{\"@type\":\"ImageObject\",\"inLanguage\":\"pt-PT\",\"@id\":\"https:\/\/topsuccesstools.com\/pt-pt\/pt-shop\/workshops-pt\/workshop-power-networking\/#primaryimage\",\"url\":\"https:\/\/topsuccesstools.com\/wp-content\/uploads\/2016\/05\/WS-Power-Networking-B.jpg\",\"contentUrl\":\"https:\/\/topsuccesstools.com\/wp-content\/uploads\/2016\/05\/WS-Power-Networking-B.jpg\",\"width\":1535,\"height\":1535},{\"@type\":\"BreadcrumbList\",\"@id\":\"https:\/\/topsuccesstools.com\/pt-pt\/pt-shop\/workshops-pt\/workshop-power-networking\/#breadcrumb\",\"itemListElement\":[{\"@type\":\"ListItem\",\"position\":1,\"name\":\"Home\",\"item\":\"https:\/\/topsuccesstools.com\/\"},{\"@type\":\"ListItem\",\"position\":2,\"name\":\"Shop\",\"item\":\"https:\/\/topsuccesstools.com\/shop\/\"},{\"@type\":\"ListItem\",\"position\":3,\"name\":\"Workshop \u201cPower Networking\u201d\"}]},{\"@type\":\"WebSite\",\"@id\":\"https:\/\/topsuccesstools.com\/#website\",\"url\":\"https:\/\/topsuccesstools.com\/\",\"name\":\"Top Success Tools!\",\"description\":\"Become the best version of Yourself!\",\"publisher\":{\"@id\":\"https:\/\/topsuccesstools.com\/#organization\"},\"potentialAction\":[{\"@type\":\"SearchAction\",\"target\":{\"@type\":\"EntryPoint\",\"urlTemplate\":\"https:\/\/topsuccesstools.com\/?s={search_term_string}\"},\"query-input\":{\"@type\":\"PropertyValueSpecification\",\"valueRequired\":true,\"valueName\":\"search_term_string\"}}],\"inLanguage\":\"pt-PT\"},{\"@type\":\"Organization\",\"@id\":\"https:\/\/topsuccesstools.com\/#organization\",\"name\":\"Top Success Tools\",\"url\":\"https:\/\/topsuccesstools.com\/\",\"logo\":{\"@type\":\"ImageObject\",\"inLanguage\":\"pt-PT\",\"@id\":\"https:\/\/topsuccesstools.com\/#\/schema\/logo\/image\/\",\"url\":\"http:\/\/topsuccesstools.com\/wp-content\/uploads\/2016\/03\/logoheader-2.jpg\",\"contentUrl\":\"http:\/\/topsuccesstools.com\/wp-content\/uploads\/2016\/03\/logoheader-2.jpg\",\"width\":1200,\"height\":463,\"caption\":\"Top Success Tools\"},\"image\":{\"@id\":\"https:\/\/topsuccesstools.com\/#\/schema\/logo\/image\/\"}}]}<\/script>\n<!-- \/ Yoast SEO plugin. -->","yoast_head_json":{"title":"Workshop \u201cPower Networking\u201d - Top Success Tools!","robots":{"index":"index","follow":"follow","max-snippet":"max-snippet:-1","max-image-preview":"max-image-preview:large","max-video-preview":"max-video-preview:-1"},"canonical":"https:\/\/topsuccesstools.com\/pt-pt\/pt-shop\/workshops-pt\/workshop-power-networking\/","og_locale":"pt_PT","og_type":"article","og_title":"Workshop \u201cPower Networking\u201d - Top Success Tools!","og_description":"O Networking \u00e9 uma Compet\u00eancia essencial no Mundo Profissional.  Torne-se num Networker Profissional!!!  Dura\u00e7\u00e3o: 4 horas","og_url":"https:\/\/topsuccesstools.com\/pt-pt\/pt-shop\/workshops-pt\/workshop-power-networking\/","og_site_name":"Top Success Tools!","article_modified_time":"2018-01-22T16:28:07+00:00","og_image":[{"width":1535,"height":1535,"url":"https:\/\/topsuccesstools.com\/wp-content\/uploads\/2016\/05\/WS-Power-Networking-B.jpg","type":"image\/jpeg"}],"twitter_card":"summary_large_image","schema":{"@context":"https:\/\/schema.org","@graph":[{"@type":"WebPage","@id":"https:\/\/topsuccesstools.com\/pt-pt\/pt-shop\/workshops-pt\/workshop-power-networking\/","url":"https:\/\/topsuccesstools.com\/pt-pt\/pt-shop\/workshops-pt\/workshop-power-networking\/","name":"Workshop \u201cPower Networking\u201d - Top Success Tools!","isPartOf":{"@id":"https:\/\/topsuccesstools.com\/#website"},"primaryImageOfPage":{"@id":"https:\/\/topsuccesstools.com\/pt-pt\/pt-shop\/workshops-pt\/workshop-power-networking\/#primaryimage"},"image":{"@id":"https:\/\/topsuccesstools.com\/pt-pt\/pt-shop\/workshops-pt\/workshop-power-networking\/#primaryimage"},"thumbnailUrl":"https:\/\/topsuccesstools.com\/wp-content\/uploads\/2016\/05\/WS-Power-Networking-B.jpg","datePublished":"2016-05-03T17:44:35+00:00","dateModified":"2018-01-22T16:28:07+00:00","breadcrumb":{"@id":"https:\/\/topsuccesstools.com\/pt-pt\/pt-shop\/workshops-pt\/workshop-power-networking\/#breadcrumb"},"inLanguage":"pt-PT","potentialAction":[{"@type":"ReadAction","target":["https:\/\/topsuccesstools.com\/pt-pt\/pt-shop\/workshops-pt\/workshop-power-networking\/"]}]},{"@type":"ImageObject","inLanguage":"pt-PT","@id":"https:\/\/topsuccesstools.com\/pt-pt\/pt-shop\/workshops-pt\/workshop-power-networking\/#primaryimage","url":"https:\/\/topsuccesstools.com\/wp-content\/uploads\/2016\/05\/WS-Power-Networking-B.jpg","contentUrl":"https:\/\/topsuccesstools.com\/wp-content\/uploads\/2016\/05\/WS-Power-Networking-B.jpg","width":1535,"height":1535},{"@type":"BreadcrumbList","@id":"https:\/\/topsuccesstools.com\/pt-pt\/pt-shop\/workshops-pt\/workshop-power-networking\/#breadcrumb","itemListElement":[{"@type":"ListItem","position":1,"name":"Home","item":"https:\/\/topsuccesstools.com\/"},{"@type":"ListItem","position":2,"name":"Shop","item":"https:\/\/topsuccesstools.com\/shop\/"},{"@type":"ListItem","position":3,"name":"Workshop \u201cPower Networking\u201d"}]},{"@type":"WebSite","@id":"https:\/\/topsuccesstools.com\/#website","url":"https:\/\/topsuccesstools.com\/","name":"Top Success Tools!","description":"Become the best version of Yourself!","publisher":{"@id":"https:\/\/topsuccesstools.com\/#organization"},"potentialAction":[{"@type":"SearchAction","target":{"@type":"EntryPoint","urlTemplate":"https:\/\/topsuccesstools.com\/?s={search_term_string}"},"query-input":{"@type":"PropertyValueSpecification","valueRequired":true,"valueName":"search_term_string"}}],"inLanguage":"pt-PT"},{"@type":"Organization","@id":"https:\/\/topsuccesstools.com\/#organization","name":"Top Success Tools","url":"https:\/\/topsuccesstools.com\/","logo":{"@type":"ImageObject","inLanguage":"pt-PT","@id":"https:\/\/topsuccesstools.com\/#\/schema\/logo\/image\/","url":"http:\/\/topsuccesstools.com\/wp-content\/uploads\/2016\/03\/logoheader-2.jpg","contentUrl":"http:\/\/topsuccesstools.com\/wp-content\/uploads\/2016\/03\/logoheader-2.jpg","width":1200,"height":463,"caption":"Top Success Tools"},"image":{"@id":"https:\/\/topsuccesstools.com\/#\/schema\/logo\/image\/"}}]}},"_links":{"self":[{"href":"https:\/\/topsuccesstools.com\/pt-pt\/wp-json\/wp\/v2\/product\/487","targetHints":{"allow":["GET"]}}],"collection":[{"href":"https:\/\/topsuccesstools.com\/pt-pt\/wp-json\/wp\/v2\/product"}],"about":[{"href":"https:\/\/topsuccesstools.com\/pt-pt\/wp-json\/wp\/v2\/types\/product"}],"wp:featuredmedia":[{"embeddable":true,"href":"https:\/\/topsuccesstools.com\/pt-pt\/wp-json\/wp\/v2\/media\/528"}],"wp:attachment":[{"href":"https:\/\/topsuccesstools.com\/pt-pt\/wp-json\/wp\/v2\/media?parent=487"}],"wp:term":[{"taxonomy":"product_brand","embeddable":true,"href":"https:\/\/topsuccesstools.com\/pt-pt\/wp-json\/wp\/v2\/product_brand?post=487"},{"taxonomy":"product_cat","embeddable":true,"href":"https:\/\/topsuccesstools.com\/pt-pt\/wp-json\/wp\/v2\/product_cat?post=487"},{"taxonomy":"product_tag","embeddable":true,"href":"https:\/\/topsuccesstools.com\/pt-pt\/wp-json\/wp\/v2\/product_tag?post=487"}],"curies":[{"name":"wp","href":"https:\/\/api.w.org\/{rel}","templated":true}]}}