{"id":523,"date":"2017-02-06T16:39:14","date_gmt":"2017-02-06T16:39:14","guid":{"rendered":"http:\/\/topsuccesstools.com\/pt-pt\/pt-shop\/workshops-pt\/workshop-public-speaker-intensive\/"},"modified":"2018-01-22T16:18:23","modified_gmt":"2018-01-22T16:18:23","slug":"workshop-public-speaker-intensive","status":"publish","type":"product","link":"https:\/\/topsuccesstools.com\/pt-pt\/pt-shop\/workshops-pt\/workshop-public-speaker-intensive\/","title":{"rendered":"Workshop \u201cPublic Speaker &#8211; Intensive\u201d"},"content":{"rendered":"<div class=\"wpb-content-wrapper\"><p>[vc_row content_placement=&#8221;top&#8221; css=&#8221;.vc_custom_1462300515320{margin-bottom: 0px !important;padding-bottom: 0px !important;}&#8221;][vc_column css=&#8221;.vc_custom_1456154147184{padding-top: 30px !important;padding-bottom: 30px !important;}&#8221;][vc_custom_heading text=&#8221;Workshop \u201cPublic Speaker &#8211; Intensive\u201d&#8221; font_container=&#8221;tag:h2|text_align:center|color:%23d0a747&#8243; use_theme_fonts=&#8221;yes&#8221;][vc_custom_heading text=&#8221;Introdu\u00e7\u00e3o&#8221; font_container=&#8221;tag:h3|text_align:left|color:%23000000&#8243; use_theme_fonts=&#8221;yes&#8221; css=&#8221;.vc_custom_1462300387655{padding-top: 32px !important;}&#8221;][vc_column_text css=&#8221;.vc_custom_1486399934812{padding-right: 200px !important;}&#8221;]Saber Falar em P\u00fablico, comunicar eficazmente uma ideia ou conceito, inspirar quem nos ouve, passar uma imagem cred\u00edvel e\u200b \u200bsegura refor\u00e7ando a mensagem que queremos transmitir e saber adapta-la a cada tipo de audi\u00eancia, \u00e9 uma Compet\u00eancia Essencial no Mundo\u200b \u200bAcad\u00e9mico e\u200b \u200bProfissional.<\/p>\n<p>Neste Workshop aprender\u00e1 de forma pr\u00e1tica e intensiva, as mais importantes T\u00e9cnicas de Comunica\u00e7\u00e3o e Apresenta\u00e7\u00e3o que lhe permitir\u00e3o aniquilar os receios e desafios de Falar em P\u00fablico.<\/p>\n<p>Quer aprender estrat\u00e9gias de auto-prepara\u00e7\u00e3o f\u00edsica, mental e emocional que lhe permitam\u200b \u200bconduzir apresenta\u00e7\u00f5es perante qualquer audi\u00eancia?<\/p>\n<p>Quer sentir-se apto e confort\u00e1vel a falar em p\u00fablico e\u200b \u200bPotenciar Exponencialmente\u200b \u200bo seu Sucesso, tornando-se um\u200b \u200b&#8221;Speaker&#8221;\u200b \u200bProfissional?<br \/>\n\u2026Ent\u00e3o este \u201cPublic Speaker \u2013 Intensive\u201d \u00e9 para si!!![\/vc_column_text][vc_single_image image=&#8221;524&#8243; img_size=&#8221;full&#8221; css=&#8221;.vc_custom_1486575404645{padding-top: 32px !important;padding-bottom: 32px !important;}&#8221;][\/vc_column][\/vc_row][vc_row gap=&#8221;35&#8243; full_height=&#8221;yes&#8221; columns_placement=&#8221;top&#8221; content_placement=&#8221;top&#8221;][vc_column width=&#8221;1\/2&#8243;][vc_column_text]<\/p>\n<h3>Detalhes<\/h3>\n<dl>\n<dt>Data:<\/dt>\n<dd><abbr class=\"published dtstart\" title=\"Data\">Fim de Semana: 24 e 25 de Fevereiro 2018<\/abbr><\/dd>\n<dt>Hor\u00e1rio:<\/dt>\n<dd>\n<div class=\"published dtstart\" title=\"Hora\">das 10:00\u00a0\u00e0s 19:00<\/div>\n<\/dd>\n<dt>Forma\u00e7\u00e3o Te\u00f3rico-Pr\u00e1tica:<\/dt>\n<dd>14 Horas<\/dd>\n<dt>Investimento:<\/dt>\n<dd>285 \u20ac (Inclui Coffee-Breaks e Almo\u00e7o) &#8211;\u00a0Lugares Limitados<\/dd>\n<dt>Local:<\/dt>\n<dd>@ Action For Success &#8220;Training Room&#8221;<br \/>\n&#8211; Lisboa<\/dd>\n<\/dl>\n<p>[\/vc_column_text][vc_gmaps link=&#8221;&#8221; size=&#8221;&#8221;][vc_column_text]<\/p>\n<h3>Powered by:<\/h3>\n<h4><span style=\"font-size: large;\"><b>Action For Success<\/b><\/span><\/h4>\n<dl>\n<dt>Formadora:<\/dt>\n<dd><abbr class=\"published dtstart\" title=\"Diana Metello\">Diana Metello<\/abbr><\/dd>\n<\/dl>\n<p>[\/vc_column_text][vc_text_separator title=&#8221;Diana Metello&#8221; title_align=&#8221;separator_align_left&#8221; color=&#8221;custom&#8221; style=&#8221;dotted&#8221; accent_color=&#8221;#d0a747&#8243;][vc_column_text]International Results Coach, Trainer e Public Speaker, estando envolvida\u00a0profissionalmente na \u00c1rea do Desenvolvimento Pessoal e Forma\u00e7\u00e3o h\u00e1 mais de 20 anos.<\/p>\n<p>Certificada Internacionalmente como: Master Life &amp; Executive Coach, Master em Programa\u00e7\u00e3o Neuro-Linguistica e Consultora de Panorama Social Mental.<br \/>\nTem tamb\u00e9m Treino Qualificado em High Impact Presentations Skills, Comunica\u00e7\u00e3o e Imagem, Certifica\u00e7\u00f5es em Psicologia Junguiana, Astrologia Psicol\u00f3gica e Transpessoal, Terapias Complementares, entre muitas outras.<\/p>\n<p>Entre v\u00e1rios Projectos que abra\u00e7ou, Diana Metello foi a \u201cAll Cities Leader\u201d e Representante Oficial do \u201cFirst Tuesday\u201d (Network Mundial de Empreendedores e Investidores) em Portugal, desde 1999, e por v\u00e1rias raz\u00f5es, incluindo o facto de ter trazido o Conceito de Networking para Portugal, o extraordin\u00e1rio impacto que teve e os resultados que atingiu, Diana Metello foi reconhecida pelo GEM (Global Entrepreneurship Monitor) em 2001 como uma das principais Refer\u00eancias do Empreendedorismo em Portugal.<\/p>\n<p>Em 2012 criou a sua actual empresa, a <a href=\"http:\/\/action-for-success.com\/\" target=\"_blank\" rel=\"noopener\"><strong><em>Action For Success<\/em><\/strong><\/a>, direccionada para as \u00e1reas do Coaching, Consultoria e Forma\u00e7\u00e3o.<\/p>\n<p>Acreditando no extraordin\u00e1rio Potencial do Ser Humano, fortemente sustentada\u00a0pelos seus pr\u00f3prios e profundos Processos Vivenciais e Desafios Superados,\u00a0Liderando pelo Exemplo e com uma enorme Paix\u00e3o pelo que faz, Diana Metello\u00a0aposta na Excel\u00eancia e na Melhoria Cont\u00ednua, investindo muito no seu pr\u00f3prio\u00a0Desenvolvimento Pessoal, sempre escolhendo Forma\u00e7\u00f5es de Qualidade e reconhecidas internacionalmente\u2026 e criando a oportunidade de modelar os\u00a0Melhores do Mundo e t\u00ea-los como refer\u00eancia.<\/p>\n<p>Como International Results Coach e Fundadora da <a href=\"http:\/\/action-for-success.com\/\" target=\"_blank\" rel=\"noopener\"><em><strong>Action For Success<\/strong><\/em><\/a>\u2026<br \/>\nA sua Miss\u00e3o \u00e9\u2026 Ser Catalizadora de Mudan\u00e7a! \u2026Participar em Projectos\u00a0Inovadores! \u2026Inspirar e Contribuir para Sonhos Alcan\u00e7ados!<br \/>\nFazer parte de Desafios Pessoais ou Profissionais transformados em Vit\u00f3rias!<br \/>\n\u2026 Fazer a Diferen\u00e7a!!![\/vc_column_text][\/vc_column][vc_column width=&#8221;1\/2&#8243;][vc_column_text]<strong>Requisito obrigat\u00f3rio:<\/strong><\/p>\n<p>Querer desenvolver\u200b \u200bCompet\u00eancias\u200b \u200bde\u200b \u200bComunica\u00e7\u00e3o\u200b \u200be vontade de \u200bParticipar \u200bAc\u200btivamente na Forma\u00e7\u00e3o.<\/p>\n<p><strong>A Quem se destina:<\/strong><\/p>\n<p>Este workshop destina-se\u200b \u200ba Estudantes,\u200b \u200bProfissionais e Empreendedores de todas as \u00e1reas, que queiram\u200b \u200bmarcar a diferen\u00e7a e causar um forte impacto ao\u200b \u200bpromoverem os seus Projectos, Produtos ou Servi\u00e7os,\u200b \u200bcontarem a sua hist\u00f3ria e darem um testemunho,\u00a0e que\u200b \u200batrav\u00e9s de t\u00e9cnicas e\u200b \u200bcompet\u00eancias de comunica\u00e7\u00e3o,\u200b \u200bultrapassem eventuais receios ou inseguran\u00e7as de falar em p\u00fablico e, de\u200b \u200bforma inspiradora,\u200b \u200bcativem audi\u00eancias, consigam o impacto desejado e\u200b \u200batraiam os melhores parceiros\u200b \u200bpara desenvolverem\u200b \u200bexponencialmente\u200b \u200bnovas\u200b \u200boportunidades.<\/p>\n<p><strong>Objetivos:<\/strong><\/p>\n<p>No final deste Workshop os Participantes estar\u00e3o aptos a:<br \/>\n\u2022 Conhecer os v\u00e1rios tipos de Comunica\u00e7\u00e3o<br \/>\n\u2022 Dominar Inseguran\u00e7as e Nervosismo<br \/>\n\u2022 Causar uma Excelente \u201cPrimeira Impress\u00e3o\u201d<br \/>\n\u2022 Estabelecer Rapport com a Audi\u00eancia<br \/>\n\u2022 Utilizar &#8220;\u00c2ncoras de Palco&#8221;<br \/>\n\u2022 Gerir interven\u00e7\u00f5es e interac\u00e7\u00e3o com a Audi\u00eancia<br \/>\n\u2022 Tirar partido de apoios Audio-visuais<br \/>\n\u2022 .\u200b..Comunicar, Informar e Inspirar Audi\u00eancias!<\/p>\n<p><strong>Alguns Conte\u00fados:<\/strong><\/p>\n<p>\u2022 Comunica\u00e7\u00e3o\u200b \u200bVerbal e N\u00e3o-Verbal<br \/>\n\u2022 Voz e as suas modalidades<br \/>\n\u2022 Estrutura\u200b \u200be Conte\u00fado<br \/>\n\u2022 O Conceito de \u201cPublic Speaker\u201d, Regras e Princ\u00edpios.<br \/>\n\u2022 Audi\u00eancias e as suas diferentes abordagens<br \/>\n\u2022 Gest\u00e3o de Tempo e Gest\u00e3o do Palco<br \/>\n\u2022 Din\u00e2micas de Interac\u00e7\u00e3o<br \/>\n\u2022 Princ\u00edpios de: Storytelling, Stage Sell, Pitch e Discurso Motivacional<br \/>\n\u2022 Prepara\u00e7\u00e3o e Feedback<br \/>\n\u2022 O Poder do Improviso<br \/>\n\u2026entre outros.[\/vc_column_text][vc_column_text]<strong>Avalia\u00e7\u00e3o e Certifica\u00e7\u00e3o<\/strong><\/p>\n<p><img loading=\"lazy\" decoding=\"async\" class=\"alignleft wp-image-507\" src=\"https:\/\/topsuccesstools.com\/wp-content\/uploads\/2016\/05\/Selo-Action-150x150.png\" alt=\"Action For Success\" width=\"97\" height=\"90\" \/>Sendo a <strong><em><a href=\"http:\/\/action-for-success.com\/\" target=\"_blank\" rel=\"noopener\">Action For Success<\/a><\/em><\/strong>\u00a0uma Empresa Internacionalmente Certificada em termos de Qualidade, todos os Participantes que estiverem presentes na totalidade da forma\u00e7\u00e3o, participarem activamente nas actividades e completarem o &#8220;Feedback Form&#8221; receber\u00e3o um Certificado de Participa\u00e7\u00e3o com o respectivo \u201cSelo de Qualidade\u201d.<\/p>\n<p>&nbsp;<\/p>\n<p><strong>Tipo de Forma\u00e7\u00e3o<\/strong><\/p>\n<p><img loading=\"lazy\" decoding=\"async\" class=\"alignleft wp-image-204\" src=\"https:\/\/topsuccesstools.com\/wp-content\/uploads\/2016\/02\/in-person-150x150.png\" alt=\"in-person\" width=\"75\" height=\"75\" srcset=\"https:\/\/topsuccesstools.com\/wp-content\/uploads\/2016\/02\/in-person-150x150.png 150w, https:\/\/topsuccesstools.com\/wp-content\/uploads\/2016\/02\/in-person-146x146.png 146w, https:\/\/topsuccesstools.com\/wp-content\/uploads\/2016\/02\/in-person-50x50.png 50w, https:\/\/topsuccesstools.com\/wp-content\/uploads\/2016\/02\/in-person-80x80.png 80w, https:\/\/topsuccesstools.com\/wp-content\/uploads\/2016\/02\/in-person-75x75.png 75w, https:\/\/topsuccesstools.com\/wp-content\/uploads\/2016\/02\/in-person-85x85.png 85w, https:\/\/topsuccesstools.com\/wp-content\/uploads\/2016\/02\/in-person-200x200.png 200w, https:\/\/topsuccesstools.com\/wp-content\/uploads\/2016\/02\/in-person.png 295w\" sizes=\"auto, (max-width:767px) 75px, 75px\" \/>Presencial: A forma\u00e7\u00e3o ser\u00e1 essencialmente Vivencial e Pr\u00e1tica, embora suportada por Teoria e Informa\u00e7\u00e3o apresentada visualmente e que os participantes poder\u00e3o recolher as notas que acharem necess\u00e1rias.<\/p>\n<p>&nbsp;<\/p>\n<p><strong>Nota\u00a0Adicional<\/strong><\/p>\n<p>Os Participantes que estiverem interessados, ser\u00e3o adicionados ao Grupo, com o objectivo de estabelecerem novos contacto e aprofundarem\u00a0os Conhecimentos que adquiriram\u00a0no Workshop, e ter\u00e3o informa\u00e7\u00e3o privilegiada sobre outros eventos e forma\u00e7\u00f5es relacionados.[\/vc_column_text][\/vc_column][\/vc_row]<\/p>\n<\/div>","protected":false},"excerpt":{"rendered":"<p>Quer sentir-se absolutamente capaz\u00a0e confiante a falar em p\u00fablico?<br \/>\nPode potenciar exponencialmente\u200b \u200bo seu Sucesso, tornando-se um\u200b \u200b&#8221;Speaker&#8221;\u200b \u200bProfissional!<\/p>\n<p><strong>Se quer Grandes Resultados em pouco tempo\u2026<br \/>\nN\u00e3o perca esta Oportunidade!<br \/>\nEste\u00a0\u201cPublic Speaker \u2013 Intensive\u201d foi criado a pensar em Si!!!\u00a0<\/strong><\/p>\n<p>Dura\u00e7\u00e3o: 14 horas (Fim de Semana)<\/p>\n","protected":false},"featured_media":526,"template":"","meta":[],"product_brand":[],"product_cat":[102],"product_tag":[],"class_list":{"0":"post-523","1":"product","2":"type-product","3":"status-publish","4":"has-post-thumbnail","6":"product_cat-workshops-pt","8":"first","9":"instock","10":"virtual","11":"taxable","12":"purchasable","13":"product-type-simple"},"yoast_head":"<!-- This site is optimized with the Yoast SEO plugin v27.2 - https:\/\/yoast.com\/product\/yoast-seo-wordpress\/ -->\n<title>Workshop \u201cPublic Speaker - Intensive\u201d - Top Success Tools!<\/title>\n<meta name=\"robots\" content=\"index, follow, max-snippet:-1, max-image-preview:large, max-video-preview:-1\" \/>\n<link rel=\"canonical\" href=\"https:\/\/topsuccesstools.com\/pt-pt\/pt-shop\/workshops-pt\/workshop-public-speaker-intensive\/\" \/>\n<meta property=\"og:locale\" content=\"pt_PT\" \/>\n<meta property=\"og:type\" content=\"article\" \/>\n<meta property=\"og:title\" content=\"Workshop \u201cPublic Speaker - Intensive\u201d - Top Success Tools!\" \/>\n<meta property=\"og:description\" content=\"Quer sentir-se absolutamente capaz\u00a0e confiante a falar em p\u00fablico? Pode potenciar exponencialmente\u200b \u200bo seu Sucesso, tornando-se um\u200b \u200b&quot;Speaker&quot;\u200b \u200bProfissional!  Se quer Grandes Resultados em pouco tempo\u2026 N\u00e3o perca esta Oportunidade! Este\u00a0\u201cPublic Speaker \u2013 Intensive\u201d foi criado a pensar em Si!!!\u00a0  Dura\u00e7\u00e3o: 14 horas (Fim de Semana)\" \/>\n<meta property=\"og:url\" content=\"https:\/\/topsuccesstools.com\/pt-pt\/pt-shop\/workshops-pt\/workshop-public-speaker-intensive\/\" \/>\n<meta property=\"og:site_name\" content=\"Top Success Tools!\" \/>\n<meta property=\"article:modified_time\" content=\"2018-01-22T16:18:23+00:00\" \/>\n<meta property=\"og:image\" content=\"https:\/\/topsuccesstools.com\/wp-content\/uploads\/2017\/02\/WS-Public-Speaker-22Intensive22-B.jpg\" \/>\n\t<meta property=\"og:image:width\" content=\"1535\" \/>\n\t<meta property=\"og:image:height\" content=\"1535\" \/>\n\t<meta property=\"og:image:type\" content=\"image\/jpeg\" \/>\n<meta name=\"twitter:card\" content=\"summary_large_image\" \/>\n<script type=\"application\/ld+json\" class=\"yoast-schema-graph\">{\"@context\":\"https:\/\/schema.org\",\"@graph\":[{\"@type\":\"WebPage\",\"@id\":\"https:\/\/topsuccesstools.com\/pt-pt\/pt-shop\/workshops-pt\/workshop-public-speaker-intensive\/\",\"url\":\"https:\/\/topsuccesstools.com\/pt-pt\/pt-shop\/workshops-pt\/workshop-public-speaker-intensive\/\",\"name\":\"Workshop \u201cPublic Speaker - Intensive\u201d - Top Success Tools!\",\"isPartOf\":{\"@id\":\"https:\/\/topsuccesstools.com\/#website\"},\"primaryImageOfPage\":{\"@id\":\"https:\/\/topsuccesstools.com\/pt-pt\/pt-shop\/workshops-pt\/workshop-public-speaker-intensive\/#primaryimage\"},\"image\":{\"@id\":\"https:\/\/topsuccesstools.com\/pt-pt\/pt-shop\/workshops-pt\/workshop-public-speaker-intensive\/#primaryimage\"},\"thumbnailUrl\":\"https:\/\/topsuccesstools.com\/wp-content\/uploads\/2017\/02\/WS-Public-Speaker-22Intensive22-B.jpg\",\"datePublished\":\"2017-02-06T16:39:14+00:00\",\"dateModified\":\"2018-01-22T16:18:23+00:00\",\"breadcrumb\":{\"@id\":\"https:\/\/topsuccesstools.com\/pt-pt\/pt-shop\/workshops-pt\/workshop-public-speaker-intensive\/#breadcrumb\"},\"inLanguage\":\"pt-PT\",\"potentialAction\":[{\"@type\":\"ReadAction\",\"target\":[\"https:\/\/topsuccesstools.com\/pt-pt\/pt-shop\/workshops-pt\/workshop-public-speaker-intensive\/\"]}]},{\"@type\":\"ImageObject\",\"inLanguage\":\"pt-PT\",\"@id\":\"https:\/\/topsuccesstools.com\/pt-pt\/pt-shop\/workshops-pt\/workshop-public-speaker-intensive\/#primaryimage\",\"url\":\"https:\/\/topsuccesstools.com\/wp-content\/uploads\/2017\/02\/WS-Public-Speaker-22Intensive22-B.jpg\",\"contentUrl\":\"https:\/\/topsuccesstools.com\/wp-content\/uploads\/2017\/02\/WS-Public-Speaker-22Intensive22-B.jpg\",\"width\":1535,\"height\":1535},{\"@type\":\"BreadcrumbList\",\"@id\":\"https:\/\/topsuccesstools.com\/pt-pt\/pt-shop\/workshops-pt\/workshop-public-speaker-intensive\/#breadcrumb\",\"itemListElement\":[{\"@type\":\"ListItem\",\"position\":1,\"name\":\"Home\",\"item\":\"https:\/\/topsuccesstools.com\/\"},{\"@type\":\"ListItem\",\"position\":2,\"name\":\"Shop\",\"item\":\"https:\/\/topsuccesstools.com\/shop\/\"},{\"@type\":\"ListItem\",\"position\":3,\"name\":\"Workshop \u201cPublic Speaker &#8211; Intensive\u201d\"}]},{\"@type\":\"WebSite\",\"@id\":\"https:\/\/topsuccesstools.com\/#website\",\"url\":\"https:\/\/topsuccesstools.com\/\",\"name\":\"Top Success Tools!\",\"description\":\"Become the best version of Yourself!\",\"publisher\":{\"@id\":\"https:\/\/topsuccesstools.com\/#organization\"},\"potentialAction\":[{\"@type\":\"SearchAction\",\"target\":{\"@type\":\"EntryPoint\",\"urlTemplate\":\"https:\/\/topsuccesstools.com\/?s={search_term_string}\"},\"query-input\":{\"@type\":\"PropertyValueSpecification\",\"valueRequired\":true,\"valueName\":\"search_term_string\"}}],\"inLanguage\":\"pt-PT\"},{\"@type\":\"Organization\",\"@id\":\"https:\/\/topsuccesstools.com\/#organization\",\"name\":\"Top Success Tools\",\"url\":\"https:\/\/topsuccesstools.com\/\",\"logo\":{\"@type\":\"ImageObject\",\"inLanguage\":\"pt-PT\",\"@id\":\"https:\/\/topsuccesstools.com\/#\/schema\/logo\/image\/\",\"url\":\"http:\/\/topsuccesstools.com\/wp-content\/uploads\/2016\/03\/logoheader-2.jpg\",\"contentUrl\":\"http:\/\/topsuccesstools.com\/wp-content\/uploads\/2016\/03\/logoheader-2.jpg\",\"width\":1200,\"height\":463,\"caption\":\"Top Success Tools\"},\"image\":{\"@id\":\"https:\/\/topsuccesstools.com\/#\/schema\/logo\/image\/\"}}]}<\/script>\n<!-- \/ Yoast SEO plugin. -->","yoast_head_json":{"title":"Workshop \u201cPublic Speaker - Intensive\u201d - Top Success Tools!","robots":{"index":"index","follow":"follow","max-snippet":"max-snippet:-1","max-image-preview":"max-image-preview:large","max-video-preview":"max-video-preview:-1"},"canonical":"https:\/\/topsuccesstools.com\/pt-pt\/pt-shop\/workshops-pt\/workshop-public-speaker-intensive\/","og_locale":"pt_PT","og_type":"article","og_title":"Workshop \u201cPublic Speaker - Intensive\u201d - Top Success Tools!","og_description":"Quer sentir-se absolutamente capaz\u00a0e confiante a falar em p\u00fablico? Pode potenciar exponencialmente\u200b \u200bo seu Sucesso, tornando-se um\u200b \u200b\"Speaker\"\u200b \u200bProfissional!  Se quer Grandes Resultados em pouco tempo\u2026 N\u00e3o perca esta Oportunidade! Este\u00a0\u201cPublic Speaker \u2013 Intensive\u201d foi criado a pensar em Si!!!\u00a0  Dura\u00e7\u00e3o: 14 horas (Fim de Semana)","og_url":"https:\/\/topsuccesstools.com\/pt-pt\/pt-shop\/workshops-pt\/workshop-public-speaker-intensive\/","og_site_name":"Top Success Tools!","article_modified_time":"2018-01-22T16:18:23+00:00","og_image":[{"width":1535,"height":1535,"url":"https:\/\/topsuccesstools.com\/wp-content\/uploads\/2017\/02\/WS-Public-Speaker-22Intensive22-B.jpg","type":"image\/jpeg"}],"twitter_card":"summary_large_image","schema":{"@context":"https:\/\/schema.org","@graph":[{"@type":"WebPage","@id":"https:\/\/topsuccesstools.com\/pt-pt\/pt-shop\/workshops-pt\/workshop-public-speaker-intensive\/","url":"https:\/\/topsuccesstools.com\/pt-pt\/pt-shop\/workshops-pt\/workshop-public-speaker-intensive\/","name":"Workshop \u201cPublic Speaker - Intensive\u201d - Top Success Tools!","isPartOf":{"@id":"https:\/\/topsuccesstools.com\/#website"},"primaryImageOfPage":{"@id":"https:\/\/topsuccesstools.com\/pt-pt\/pt-shop\/workshops-pt\/workshop-public-speaker-intensive\/#primaryimage"},"image":{"@id":"https:\/\/topsuccesstools.com\/pt-pt\/pt-shop\/workshops-pt\/workshop-public-speaker-intensive\/#primaryimage"},"thumbnailUrl":"https:\/\/topsuccesstools.com\/wp-content\/uploads\/2017\/02\/WS-Public-Speaker-22Intensive22-B.jpg","datePublished":"2017-02-06T16:39:14+00:00","dateModified":"2018-01-22T16:18:23+00:00","breadcrumb":{"@id":"https:\/\/topsuccesstools.com\/pt-pt\/pt-shop\/workshops-pt\/workshop-public-speaker-intensive\/#breadcrumb"},"inLanguage":"pt-PT","potentialAction":[{"@type":"ReadAction","target":["https:\/\/topsuccesstools.com\/pt-pt\/pt-shop\/workshops-pt\/workshop-public-speaker-intensive\/"]}]},{"@type":"ImageObject","inLanguage":"pt-PT","@id":"https:\/\/topsuccesstools.com\/pt-pt\/pt-shop\/workshops-pt\/workshop-public-speaker-intensive\/#primaryimage","url":"https:\/\/topsuccesstools.com\/wp-content\/uploads\/2017\/02\/WS-Public-Speaker-22Intensive22-B.jpg","contentUrl":"https:\/\/topsuccesstools.com\/wp-content\/uploads\/2017\/02\/WS-Public-Speaker-22Intensive22-B.jpg","width":1535,"height":1535},{"@type":"BreadcrumbList","@id":"https:\/\/topsuccesstools.com\/pt-pt\/pt-shop\/workshops-pt\/workshop-public-speaker-intensive\/#breadcrumb","itemListElement":[{"@type":"ListItem","position":1,"name":"Home","item":"https:\/\/topsuccesstools.com\/"},{"@type":"ListItem","position":2,"name":"Shop","item":"https:\/\/topsuccesstools.com\/shop\/"},{"@type":"ListItem","position":3,"name":"Workshop \u201cPublic Speaker &#8211; Intensive\u201d"}]},{"@type":"WebSite","@id":"https:\/\/topsuccesstools.com\/#website","url":"https:\/\/topsuccesstools.com\/","name":"Top Success Tools!","description":"Become the best version of Yourself!","publisher":{"@id":"https:\/\/topsuccesstools.com\/#organization"},"potentialAction":[{"@type":"SearchAction","target":{"@type":"EntryPoint","urlTemplate":"https:\/\/topsuccesstools.com\/?s={search_term_string}"},"query-input":{"@type":"PropertyValueSpecification","valueRequired":true,"valueName":"search_term_string"}}],"inLanguage":"pt-PT"},{"@type":"Organization","@id":"https:\/\/topsuccesstools.com\/#organization","name":"Top Success Tools","url":"https:\/\/topsuccesstools.com\/","logo":{"@type":"ImageObject","inLanguage":"pt-PT","@id":"https:\/\/topsuccesstools.com\/#\/schema\/logo\/image\/","url":"http:\/\/topsuccesstools.com\/wp-content\/uploads\/2016\/03\/logoheader-2.jpg","contentUrl":"http:\/\/topsuccesstools.com\/wp-content\/uploads\/2016\/03\/logoheader-2.jpg","width":1200,"height":463,"caption":"Top Success Tools"},"image":{"@id":"https:\/\/topsuccesstools.com\/#\/schema\/logo\/image\/"}}]}},"_links":{"self":[{"href":"https:\/\/topsuccesstools.com\/pt-pt\/wp-json\/wp\/v2\/product\/523","targetHints":{"allow":["GET"]}}],"collection":[{"href":"https:\/\/topsuccesstools.com\/pt-pt\/wp-json\/wp\/v2\/product"}],"about":[{"href":"https:\/\/topsuccesstools.com\/pt-pt\/wp-json\/wp\/v2\/types\/product"}],"wp:featuredmedia":[{"embeddable":true,"href":"https:\/\/topsuccesstools.com\/pt-pt\/wp-json\/wp\/v2\/media\/526"}],"wp:attachment":[{"href":"https:\/\/topsuccesstools.com\/pt-pt\/wp-json\/wp\/v2\/media?parent=523"}],"wp:term":[{"taxonomy":"product_brand","embeddable":true,"href":"https:\/\/topsuccesstools.com\/pt-pt\/wp-json\/wp\/v2\/product_brand?post=523"},{"taxonomy":"product_cat","embeddable":true,"href":"https:\/\/topsuccesstools.com\/pt-pt\/wp-json\/wp\/v2\/product_cat?post=523"},{"taxonomy":"product_tag","embeddable":true,"href":"https:\/\/topsuccesstools.com\/pt-pt\/wp-json\/wp\/v2\/product_tag?post=523"}],"curies":[{"name":"wp","href":"https:\/\/api.w.org\/{rel}","templated":true}]}}