{"id":590,"date":"2019-12-06T22:57:45","date_gmt":"2019-12-06T22:57:45","guid":{"rendered":"http:\/\/topsuccesstools.com\/pt-pt\/?post_type=product&#038;p=590"},"modified":"2019-12-13T01:05:31","modified_gmt":"2019-12-13T01:05:31","slug":"workshop-2020-makeithappen","status":"publish","type":"product","link":"https:\/\/topsuccesstools.com\/pt-pt\/pt-shop\/workshops-pt\/workshop-2020-makeithappen\/","title":{"rendered":"Workshop \u201c2020&#8243; Make it Happen!"},"content":{"rendered":"<div class=\"wpb-content-wrapper\"><p>[vc_row content_placement=&#8221;top&#8221; css=&#8221;.vc_custom_1462300515320{margin-bottom: 0px !important;padding-bottom: 0px !important;}&#8221;][vc_column css=&#8221;.vc_custom_1456154147184{padding-top: 30px !important;padding-bottom: 30px !important;}&#8221;][vc_custom_heading text=&#8221;Workshop \u201c2020\u201d Make It Happen!&#8221; font_container=&#8221;tag:h2|text_align:center|color:%23d0a747&#8243; use_theme_fonts=&#8221;yes&#8221;][vc_custom_heading text=&#8221;Introdu\u00e7\u00e3o&#8221; font_container=&#8221;tag:h3|text_align:left|color:%23000000&#8243; use_theme_fonts=&#8221;yes&#8221; css=&#8221;.vc_custom_1462300387655{padding-top: 32px !important;}&#8221;][vc_column_text css=&#8221;.vc_custom_1575682716861{padding-right: 200px !important;}&#8221;]<em><strong>&#8220;Power Results Vision Planning&#8221; Workshop<br \/>\n<\/strong><\/em><\/p>\n<p>Quantas vezes estabeleceu Objectivos, ou tomou Resolu\u00e7\u00f5es de Ano Novo, que acabaram por nunca se concretizar?<br \/>\nSer\u00e1 que n\u00e3o eram Objectivos importantes para si? &#8230;ent\u00e3o porque se dissipou o entusiasmo e a motiva\u00e7\u00e3o, a Vida aconteceu, e por esta ou aquela raz\u00e3o nunca atingiu o que queria?<\/p>\n<p>2020 est\u00e1 \u00e1 porta!!! &#8230;e n\u00e3o \u00e9 s\u00f3 um Ano Novo&#8230; \u00e9 uma Nova D\u00e9cada!!! &#8230;Chegou a hora de Fazer Acontecer!!!<br \/>\nN\u00e3o se fique pelas boas inten\u00e7\u00f5es e pelos sonhos vagos e improv\u00e1veis!<br \/>\nEm 2020 atinja os Seus Objectivos! Maximize os Seus Resultados!!!<\/p>\n<p><em><strong>&#8230;Don&#8217;t Call it a Dream&#8230; Call it a Plan!!!<\/strong><\/em><\/p>\n<p>Neste Workshop aprender\u00e1, de forma pr\u00e1tica e divertida, Estrat\u00e9gias, Ferramentas e Metodologias de Sucesso comprovadas e utilizadas pelos mais bem sucedidos em todo o Mundo, que lhe permitir\u00e3o, de uma vez por todas, atingir os Resultados que quer e agarrar as r\u00e9deas da Sua Vida!<\/p>\n<p>Quer aprender em poucas horas, de forma eficaz e com Coaching personalizado, tudo o que \u00e9 essencial \u00e0 Defini\u00e7\u00e3o de Objectivos, Vision Boards que FUNCIONAM, Ferramentas de Momentum, o M\u00e9todo de &#8220;Results Planning&#8221; criado e utilizado por Anthony Robbins para gerir as suas 50+ Empresas e Conciliar tudo com a sua Vida Pessoal, e\u200b \u200bPotenciar Exponencialmente\u200b \u200bo seu Sucesso?<\/p>\n<p><strong>\u2026Ent\u00e3o este \u201c2020 Make It Happen!\u201d \u00e9 para si!!!<\/strong>[\/vc_column_text][vc_single_image image=&#8221;591&#8243; img_size=&#8221;full&#8221; css=&#8221;.vc_custom_1575682058737{padding-top: 32px !important;padding-bottom: 32px !important;}&#8221;][\/vc_column][\/vc_row][vc_row gap=&#8221;35&#8243; full_height=&#8221;yes&#8221; columns_placement=&#8221;top&#8221; content_placement=&#8221;top&#8221;][vc_column width=&#8221;1\/2&#8243;][vc_column_text]<\/p>\n<h3>Detalhes<\/h3>\n<dl>\n<dt>Data:<\/dt>\n<dd><abbr class=\"published dtstart\" title=\"Data\">S\u00e1bado, 14 de Dezembro de 2019<\/abbr><\/dd>\n<dt>Hor\u00e1rio:<\/dt>\n<dd>\n<div class=\"published dtstart\" title=\"Hora\">das 9:45 \u00e0s 14:15<\/div>\n<\/dd>\n<dt>Workshop:\u00a04 Horas<\/dt>\n<dd>Inclui Materiais de Apoio<br \/>\nCoffee-Break<br \/>\nCertificado &#8220;Goal Setting Expert&#8221;<br \/>\n*On-line Momentum Session (1h)<br \/>\n&#8230;e uma Experi\u00eancia Inesquec\u00edvel!!!<\/dd>\n<dt>Investimento:<br \/>\n&#8220;Early Bird&#8221; at\u00e9 \u00e0s 13h de 5\u00aaFeira, dia 12<\/dt>\n<dd>67 \u20ac &#8211; &#8220;Early Bird&#8221; Workshop +*Momentum Session<br \/>\n97 \u20ac &#8211; Workshop +*Momentum Session<br \/>\n*On-line Momentum Session (1h) &#8211; S\u00e1bado, 21 de Dezembro \u00e0s 10:30<\/dd>\n<dd><\/dd>\n<dd><strong>Lugares Limitados<\/strong><br \/>\n<em>***Este Workshop s\u00f3 se realizar\u00e1 se for atingido o n\u00famero m\u00ednimo de Participantes.<\/em><\/dd>\n<dt>Local:<\/dt>\n<dd>Action For Success &#8220;Training Room&#8221; @ IDEA<br \/>\n&#8211; Av. D. Jo\u00e3o II n\u00ba35 &#8211; 11\u00baA\u00a0 &#8211; Parque das Na\u00e7\u00f5es<\/dd>\n<\/dl>\n<p>[\/vc_column_text][vc_gmaps link=&#8221;&#8221; size=&#8221;&#8221;][vc_column_text]<\/p>\n<h3>Powered by:<\/h3>\n<h4><span style=\"font-size: large;\"><b>Action For Success<\/b><\/span><\/h4>\n<dl>\n<dt>Formadora:<\/dt>\n<dd><abbr class=\"published dtstart\" title=\"Diana Metello\">Diana Metello\u00a0<\/abbr><\/dd>\n<\/dl>\n<p>[\/vc_column_text][vc_text_separator title=&#8221;Diana Metello&#8221; title_align=&#8221;separator_align_left&#8221; color=&#8221;custom&#8221; style=&#8221;dotted&#8221; accent_color=&#8221;#d0a747&#8243;][vc_column_text]International Results Coach, Trainer e Transformational Speaker, est\u00e1 envolvida\u00a0profissionalmente na \u00c1rea do Desenvolvimento Pessoal e Forma\u00e7\u00e3o h\u00e1 mais de 20 anos, e conta com mais de 12,000 horas de Experi\u00eancia como Coach.<\/p>\n<p>Certificada Internacionalmente como: Master Life &amp; Executive Coach, Master em Programa\u00e7\u00e3o Neuro-Linguistica e Consultora de Panorama Social Mental.<br \/>\nTem tamb\u00e9m Treino Qualificado em High Impact Presentations Skills, Comunica\u00e7\u00e3o e Imagem, Certifica\u00e7\u00f5es em Psicologia Junguiana, Astrologia Psicol\u00f3gica e Transpessoal, Terapias Complementares, entre muitas outras.<\/p>\n<p>Entre v\u00e1rios Projectos que abra\u00e7ou, Diana Metello foi a \u201cAll Cities Leader\u201d e Representante Oficial do \u201cFirst Tuesday\u201d (Network Mundial de Empreendedores e Investidores) em Portugal, desde 1999, e por v\u00e1rias raz\u00f5es, incluindo o facto de ter trazido o Conceito de Networking para Portugal, o extraordin\u00e1rio impacto que teve e os resultados que atingiu, Diana Metello foi reconhecida pelo GEM (Global Entrepreneurship Monitor) em 2001 como uma das principais Refer\u00eancias do Empreendedorismo em Portugal.<\/p>\n<p>Em 2012 criou a sua actual empresa, a <a href=\"http:\/\/action-for-success.com\/\" target=\"_blank\" rel=\"noopener\"><strong><em>Action For Success<\/em><\/strong><\/a>, direccionada para as \u00e1reas do Coaching, Consultoria e Forma\u00e7\u00e3o.<\/p>\n<p>Acreditando no extraordin\u00e1rio Potencial do Ser Humano, fortemente sustentada\u00a0pelos seus pr\u00f3prios e profundos Processos Vivenciais e Desafios Superados,\u00a0Liderando pelo Exemplo e com uma enorme Paix\u00e3o pelo que faz, Diana Metello\u00a0aposta na Excel\u00eancia e na Melhoria Cont\u00ednua, investindo muito no seu pr\u00f3prio\u00a0Desenvolvimento Pessoal, sempre escolhendo Forma\u00e7\u00f5es de Qualidade e reconhecidas internacionalmente\u2026 e criando a oportunidade de modelar os\u00a0Melhores do Mundo e t\u00ea-los como refer\u00eancia.<\/p>\n<p>Como International Results Coach e Fundadora da <a href=\"http:\/\/action-for-success.com\/\" target=\"_blank\" rel=\"noopener\"><em><strong>Action For Success<\/strong><\/em><\/a>\u2026<br \/>\nA sua Miss\u00e3o \u00e9\u2026 Ser Catalizadora de Mudan\u00e7a! \u2026Participar em Projectos\u00a0Inovadores! \u2026Inspirar e Contribuir para Sonhos Alcan\u00e7ados!<br \/>\nFazer parte de Desafios Pessoais ou Profissionais transformados em Vit\u00f3rias!<br \/>\n\u2026 Fazer a Diferen\u00e7a!!![\/vc_column_text][\/vc_column][vc_column width=&#8221;1\/2&#8243;][vc_column_text]<strong>Requisito obrigat\u00f3rio:<\/strong><\/p>\n<p>Pontualidade (Toler\u00e2ncia de 10 min)<br \/>\nVontade de \u200bParticipar \u200bAc\u200btivamente no Workshop.<\/p>\n<p><strong>A Quem se destina:<\/strong><\/p>\n<p>A todas as Pessoas que t\u00eam Sonhos e Objectivos que Querem Atingir!<\/p>\n<p><strong>Objetivos:<\/strong><\/p>\n<p>No final deste Workshop os Participantes estar\u00e3o aptos a:<br \/>\n\u2022 Definir a Sua Vis\u00e3o nas v\u00e1rias \u00c1reas de Vida<br \/>\n\u2022 A Aplicar Pro-activamente os 7 Segredos do &#8220;Goal Setting&#8221;<br \/>\n\u2022\u00a0A Criar &#8220;Vision Boards&#8221; que Funcionam<br \/>\n\u2022\u00a0A Potenciar a Manifesta\u00e7\u00e3o de Resultados<br \/>\n\u2022 A utilizar o &#8220;Results Planning Method&#8221;<br \/>\n\u2026entre outros.[\/vc_column_text][vc_column_text]<strong>Tipo de Forma\u00e7\u00e3o<\/strong><\/p>\n<p><img loading=\"lazy\" decoding=\"async\" class=\"alignleft wp-image-204\" src=\"https:\/\/topsuccesstools.com\/wp-content\/uploads\/2016\/02\/in-person-150x150.png\" alt=\"in-person\" width=\"75\" height=\"75\" srcset=\"https:\/\/topsuccesstools.com\/wp-content\/uploads\/2016\/02\/in-person-150x150.png 150w, https:\/\/topsuccesstools.com\/wp-content\/uploads\/2016\/02\/in-person-146x146.png 146w, https:\/\/topsuccesstools.com\/wp-content\/uploads\/2016\/02\/in-person-50x50.png 50w, https:\/\/topsuccesstools.com\/wp-content\/uploads\/2016\/02\/in-person-80x80.png 80w, https:\/\/topsuccesstools.com\/wp-content\/uploads\/2016\/02\/in-person-75x75.png 75w, https:\/\/topsuccesstools.com\/wp-content\/uploads\/2016\/02\/in-person-85x85.png 85w, https:\/\/topsuccesstools.com\/wp-content\/uploads\/2016\/02\/in-person-200x200.png 200w, https:\/\/topsuccesstools.com\/wp-content\/uploads\/2016\/02\/in-person.png 295w\" sizes=\"auto, (max-width:767px) 75px, 75px\" \/>Presencial: A forma\u00e7\u00e3o ser\u00e1 essencialmente Vivencial e Pr\u00e1tica, embora suportada por Teoria e Informa\u00e7\u00e3o apresentada visualmente e que os participantes poder\u00e3o recolher as notas que acharem necess\u00e1rias.<br \/>\nA *Momentum Session ser\u00e1 On-Line (Zoom Call) e tem como objectivo esclarecer eventuais d\u00favidas, optimizar os Resultados dos Vision Boards, e assegurar o Momentum para que sejam completamente atingidos os Objectivos[\/vc_column_text][\/vc_column][\/vc_row]<\/p>\n<\/div>","protected":false},"excerpt":{"rendered":"<p><em><strong>&#8230;Don&#8217;t Call it a Dream&#8230; Call it a Plan!!!<br \/>\n<\/strong><\/em>Quer aprender em poucas horas, de forma eficaz e com Coaching personalizado, tudo o que \u00e9 essencial \u00e0 Defini\u00e7\u00e3o de Objectivos, Vision Boards que FUNCIONAM, Ferramentas de Momentum, o M\u00e9todo de &#8220;Results Planning&#8221; criado e utilizado por Anthony Robbins para gerir as suas 50+ Empresas e Conciliar tudo com a sua Vida Pessoal, e\u200b \u200bPotenciar Exponencialmente\u200b \u200bo seu Sucesso?<\/p>\n<p><strong>\u2026Ent\u00e3o este \u201c2020 Make It Happen!\u201d \u00e9 para si!!!<\/strong><\/p>\n<p>Dura\u00e7\u00e3o: 4 horas + Coffee-Break<\/p>\n","protected":false},"featured_media":591,"template":"","meta":[],"product_brand":[],"product_cat":[102],"product_tag":[174,169,165,168,170,175,166,172,167,173,171,147],"class_list":{"0":"post-590","1":"product","2":"type-product","3":"status-publish","4":"has-post-thumbnail","6":"product_cat-workshops-pt","7":"product_tag-coaching","8":"product_tag-estrategia","9":"product_tag-goalsetting","10":"product_tag-objectivos","11":"product_tag-planeamento","12":"product_tag-resultados","13":"product_tag-results","14":"product_tag-rpm","15":"product_tag-success","16":"product_tag-tony-robbins","17":"product_tag-vision-boards","18":"product_tag-workshop","20":"first","21":"instock","22":"purchasable","23":"product-type-simple"},"yoast_head":"<!-- This site is optimized with the Yoast SEO plugin v27.2 - https:\/\/yoast.com\/product\/yoast-seo-wordpress\/ -->\n<title>Workshop \u201c2020&quot; Make it Happen! - Top Success Tools!<\/title>\n<meta name=\"robots\" content=\"index, follow, max-snippet:-1, max-image-preview:large, max-video-preview:-1\" \/>\n<link rel=\"canonical\" href=\"https:\/\/topsuccesstools.com\/pt-pt\/pt-shop\/workshops-pt\/workshop-2020-makeithappen\/\" \/>\n<meta property=\"og:locale\" content=\"pt_PT\" \/>\n<meta property=\"og:type\" content=\"article\" \/>\n<meta property=\"og:title\" content=\"Workshop \u201c2020&quot; Make it Happen! - Top Success Tools!\" \/>\n<meta property=\"og:description\" content=\"...Don&#039;t Call it a Dream... Call it a Plan!!! Quer aprender em poucas horas, de forma eficaz e com Coaching personalizado, tudo o que \u00e9 essencial \u00e0 Defini\u00e7\u00e3o de Objectivos, Vision Boards que FUNCIONAM, Ferramentas de Momentum, o M\u00e9todo de &quot;Results Planning&quot; criado e utilizado por Anthony Robbins para gerir as suas 50+ Empresas e Conciliar tudo com a sua Vida Pessoal, e\u200b \u200bPotenciar Exponencialmente\u200b \u200bo seu Sucesso?  \u2026Ent\u00e3o este \u201c2020 Make It Happen!\u201d \u00e9 para si!!!  Dura\u00e7\u00e3o: 4 horas + Coffee-Break\" \/>\n<meta property=\"og:url\" content=\"https:\/\/topsuccesstools.com\/pt-pt\/pt-shop\/workshops-pt\/workshop-2020-makeithappen\/\" \/>\n<meta property=\"og:site_name\" content=\"Top Success Tools!\" \/>\n<meta property=\"article:modified_time\" content=\"2019-12-13T01:05:31+00:00\" \/>\n<meta property=\"og:image\" content=\"https:\/\/topsuccesstools.com\/wp-content\/uploads\/2019\/12\/WS-2020-Make-It-Happen-C.jpg\" \/>\n\t<meta property=\"og:image:width\" content=\"1535\" \/>\n\t<meta property=\"og:image:height\" content=\"1535\" \/>\n\t<meta property=\"og:image:type\" content=\"image\/jpeg\" \/>\n<meta name=\"twitter:card\" content=\"summary_large_image\" \/>\n<script type=\"application\/ld+json\" class=\"yoast-schema-graph\">{\"@context\":\"https:\/\/schema.org\",\"@graph\":[{\"@type\":\"WebPage\",\"@id\":\"https:\/\/topsuccesstools.com\/pt-pt\/pt-shop\/workshops-pt\/workshop-2020-makeithappen\/\",\"url\":\"https:\/\/topsuccesstools.com\/pt-pt\/pt-shop\/workshops-pt\/workshop-2020-makeithappen\/\",\"name\":\"Workshop \u201c2020\\\" Make it Happen! - Top Success Tools!\",\"isPartOf\":{\"@id\":\"https:\/\/topsuccesstools.com\/#website\"},\"primaryImageOfPage\":{\"@id\":\"https:\/\/topsuccesstools.com\/pt-pt\/pt-shop\/workshops-pt\/workshop-2020-makeithappen\/#primaryimage\"},\"image\":{\"@id\":\"https:\/\/topsuccesstools.com\/pt-pt\/pt-shop\/workshops-pt\/workshop-2020-makeithappen\/#primaryimage\"},\"thumbnailUrl\":\"https:\/\/topsuccesstools.com\/wp-content\/uploads\/2019\/12\/WS-2020-Make-It-Happen-C.jpg\",\"datePublished\":\"2019-12-06T22:57:45+00:00\",\"dateModified\":\"2019-12-13T01:05:31+00:00\",\"breadcrumb\":{\"@id\":\"https:\/\/topsuccesstools.com\/pt-pt\/pt-shop\/workshops-pt\/workshop-2020-makeithappen\/#breadcrumb\"},\"inLanguage\":\"pt-PT\",\"potentialAction\":[{\"@type\":\"ReadAction\",\"target\":[\"https:\/\/topsuccesstools.com\/pt-pt\/pt-shop\/workshops-pt\/workshop-2020-makeithappen\/\"]}]},{\"@type\":\"ImageObject\",\"inLanguage\":\"pt-PT\",\"@id\":\"https:\/\/topsuccesstools.com\/pt-pt\/pt-shop\/workshops-pt\/workshop-2020-makeithappen\/#primaryimage\",\"url\":\"https:\/\/topsuccesstools.com\/wp-content\/uploads\/2019\/12\/WS-2020-Make-It-Happen-C.jpg\",\"contentUrl\":\"https:\/\/topsuccesstools.com\/wp-content\/uploads\/2019\/12\/WS-2020-Make-It-Happen-C.jpg\",\"width\":1535,\"height\":1535},{\"@type\":\"BreadcrumbList\",\"@id\":\"https:\/\/topsuccesstools.com\/pt-pt\/pt-shop\/workshops-pt\/workshop-2020-makeithappen\/#breadcrumb\",\"itemListElement\":[{\"@type\":\"ListItem\",\"position\":1,\"name\":\"Home\",\"item\":\"https:\/\/topsuccesstools.com\/\"},{\"@type\":\"ListItem\",\"position\":2,\"name\":\"Shop\",\"item\":\"https:\/\/topsuccesstools.com\/shop\/\"},{\"@type\":\"ListItem\",\"position\":3,\"name\":\"Workshop \u201c2020&#8243; Make it Happen!\"}]},{\"@type\":\"WebSite\",\"@id\":\"https:\/\/topsuccesstools.com\/#website\",\"url\":\"https:\/\/topsuccesstools.com\/\",\"name\":\"Top Success Tools!\",\"description\":\"Become the best version of Yourself!\",\"publisher\":{\"@id\":\"https:\/\/topsuccesstools.com\/#organization\"},\"potentialAction\":[{\"@type\":\"SearchAction\",\"target\":{\"@type\":\"EntryPoint\",\"urlTemplate\":\"https:\/\/topsuccesstools.com\/?s={search_term_string}\"},\"query-input\":{\"@type\":\"PropertyValueSpecification\",\"valueRequired\":true,\"valueName\":\"search_term_string\"}}],\"inLanguage\":\"pt-PT\"},{\"@type\":\"Organization\",\"@id\":\"https:\/\/topsuccesstools.com\/#organization\",\"name\":\"Top Success Tools\",\"url\":\"https:\/\/topsuccesstools.com\/\",\"logo\":{\"@type\":\"ImageObject\",\"inLanguage\":\"pt-PT\",\"@id\":\"https:\/\/topsuccesstools.com\/#\/schema\/logo\/image\/\",\"url\":\"http:\/\/topsuccesstools.com\/wp-content\/uploads\/2016\/03\/logoheader-2.jpg\",\"contentUrl\":\"http:\/\/topsuccesstools.com\/wp-content\/uploads\/2016\/03\/logoheader-2.jpg\",\"width\":1200,\"height\":463,\"caption\":\"Top Success Tools\"},\"image\":{\"@id\":\"https:\/\/topsuccesstools.com\/#\/schema\/logo\/image\/\"}}]}<\/script>\n<!-- \/ Yoast SEO plugin. -->","yoast_head_json":{"title":"Workshop \u201c2020\" Make it Happen! - Top Success Tools!","robots":{"index":"index","follow":"follow","max-snippet":"max-snippet:-1","max-image-preview":"max-image-preview:large","max-video-preview":"max-video-preview:-1"},"canonical":"https:\/\/topsuccesstools.com\/pt-pt\/pt-shop\/workshops-pt\/workshop-2020-makeithappen\/","og_locale":"pt_PT","og_type":"article","og_title":"Workshop \u201c2020\" Make it Happen! - Top Success Tools!","og_description":"...Don't Call it a Dream... Call it a Plan!!! Quer aprender em poucas horas, de forma eficaz e com Coaching personalizado, tudo o que \u00e9 essencial \u00e0 Defini\u00e7\u00e3o de Objectivos, Vision Boards que FUNCIONAM, Ferramentas de Momentum, o M\u00e9todo de \"Results Planning\" criado e utilizado por Anthony Robbins para gerir as suas 50+ Empresas e Conciliar tudo com a sua Vida Pessoal, e\u200b \u200bPotenciar Exponencialmente\u200b \u200bo seu Sucesso?  \u2026Ent\u00e3o este \u201c2020 Make It Happen!\u201d \u00e9 para si!!!  Dura\u00e7\u00e3o: 4 horas + Coffee-Break","og_url":"https:\/\/topsuccesstools.com\/pt-pt\/pt-shop\/workshops-pt\/workshop-2020-makeithappen\/","og_site_name":"Top Success Tools!","article_modified_time":"2019-12-13T01:05:31+00:00","og_image":[{"width":1535,"height":1535,"url":"https:\/\/topsuccesstools.com\/wp-content\/uploads\/2019\/12\/WS-2020-Make-It-Happen-C.jpg","type":"image\/jpeg"}],"twitter_card":"summary_large_image","schema":{"@context":"https:\/\/schema.org","@graph":[{"@type":"WebPage","@id":"https:\/\/topsuccesstools.com\/pt-pt\/pt-shop\/workshops-pt\/workshop-2020-makeithappen\/","url":"https:\/\/topsuccesstools.com\/pt-pt\/pt-shop\/workshops-pt\/workshop-2020-makeithappen\/","name":"Workshop \u201c2020\" Make it Happen! - Top Success Tools!","isPartOf":{"@id":"https:\/\/topsuccesstools.com\/#website"},"primaryImageOfPage":{"@id":"https:\/\/topsuccesstools.com\/pt-pt\/pt-shop\/workshops-pt\/workshop-2020-makeithappen\/#primaryimage"},"image":{"@id":"https:\/\/topsuccesstools.com\/pt-pt\/pt-shop\/workshops-pt\/workshop-2020-makeithappen\/#primaryimage"},"thumbnailUrl":"https:\/\/topsuccesstools.com\/wp-content\/uploads\/2019\/12\/WS-2020-Make-It-Happen-C.jpg","datePublished":"2019-12-06T22:57:45+00:00","dateModified":"2019-12-13T01:05:31+00:00","breadcrumb":{"@id":"https:\/\/topsuccesstools.com\/pt-pt\/pt-shop\/workshops-pt\/workshop-2020-makeithappen\/#breadcrumb"},"inLanguage":"pt-PT","potentialAction":[{"@type":"ReadAction","target":["https:\/\/topsuccesstools.com\/pt-pt\/pt-shop\/workshops-pt\/workshop-2020-makeithappen\/"]}]},{"@type":"ImageObject","inLanguage":"pt-PT","@id":"https:\/\/topsuccesstools.com\/pt-pt\/pt-shop\/workshops-pt\/workshop-2020-makeithappen\/#primaryimage","url":"https:\/\/topsuccesstools.com\/wp-content\/uploads\/2019\/12\/WS-2020-Make-It-Happen-C.jpg","contentUrl":"https:\/\/topsuccesstools.com\/wp-content\/uploads\/2019\/12\/WS-2020-Make-It-Happen-C.jpg","width":1535,"height":1535},{"@type":"BreadcrumbList","@id":"https:\/\/topsuccesstools.com\/pt-pt\/pt-shop\/workshops-pt\/workshop-2020-makeithappen\/#breadcrumb","itemListElement":[{"@type":"ListItem","position":1,"name":"Home","item":"https:\/\/topsuccesstools.com\/"},{"@type":"ListItem","position":2,"name":"Shop","item":"https:\/\/topsuccesstools.com\/shop\/"},{"@type":"ListItem","position":3,"name":"Workshop \u201c2020&#8243; Make it Happen!"}]},{"@type":"WebSite","@id":"https:\/\/topsuccesstools.com\/#website","url":"https:\/\/topsuccesstools.com\/","name":"Top Success Tools!","description":"Become the best version of Yourself!","publisher":{"@id":"https:\/\/topsuccesstools.com\/#organization"},"potentialAction":[{"@type":"SearchAction","target":{"@type":"EntryPoint","urlTemplate":"https:\/\/topsuccesstools.com\/?s={search_term_string}"},"query-input":{"@type":"PropertyValueSpecification","valueRequired":true,"valueName":"search_term_string"}}],"inLanguage":"pt-PT"},{"@type":"Organization","@id":"https:\/\/topsuccesstools.com\/#organization","name":"Top Success Tools","url":"https:\/\/topsuccesstools.com\/","logo":{"@type":"ImageObject","inLanguage":"pt-PT","@id":"https:\/\/topsuccesstools.com\/#\/schema\/logo\/image\/","url":"http:\/\/topsuccesstools.com\/wp-content\/uploads\/2016\/03\/logoheader-2.jpg","contentUrl":"http:\/\/topsuccesstools.com\/wp-content\/uploads\/2016\/03\/logoheader-2.jpg","width":1200,"height":463,"caption":"Top Success Tools"},"image":{"@id":"https:\/\/topsuccesstools.com\/#\/schema\/logo\/image\/"}}]}},"_links":{"self":[{"href":"https:\/\/topsuccesstools.com\/pt-pt\/wp-json\/wp\/v2\/product\/590","targetHints":{"allow":["GET"]}}],"collection":[{"href":"https:\/\/topsuccesstools.com\/pt-pt\/wp-json\/wp\/v2\/product"}],"about":[{"href":"https:\/\/topsuccesstools.com\/pt-pt\/wp-json\/wp\/v2\/types\/product"}],"wp:featuredmedia":[{"embeddable":true,"href":"https:\/\/topsuccesstools.com\/pt-pt\/wp-json\/wp\/v2\/media\/591"}],"wp:attachment":[{"href":"https:\/\/topsuccesstools.com\/pt-pt\/wp-json\/wp\/v2\/media?parent=590"}],"wp:term":[{"taxonomy":"product_brand","embeddable":true,"href":"https:\/\/topsuccesstools.com\/pt-pt\/wp-json\/wp\/v2\/product_brand?post=590"},{"taxonomy":"product_cat","embeddable":true,"href":"https:\/\/topsuccesstools.com\/pt-pt\/wp-json\/wp\/v2\/product_cat?post=590"},{"taxonomy":"product_tag","embeddable":true,"href":"https:\/\/topsuccesstools.com\/pt-pt\/wp-json\/wp\/v2\/product_tag?post=590"}],"curies":[{"name":"wp","href":"https:\/\/api.w.org\/{rel}","templated":true}]}}